{"id":13,"date":"2017-08-21T14:55:22","date_gmt":"2017-08-21T14:55:22","guid":{"rendered":"http:\/\/prattriatlo.com\/?page_id=13"},"modified":"2022-11-01T21:41:18","modified_gmt":"2022-11-01T21:41:18","slug":"el-club","status":"publish","type":"page","link":"https:\/\/inscripciones.prattriatlo.com\/?page_id=13","title":{"rendered":"El Club"},"content":{"rendered":"<p><\/p>\n<div class=\"accordion-heading content info\">\n<h1 id=\"tw-target-text\" class=\"tw-data-text tw-ta tw-text-small\" dir=\"ltr\" data-placeholder=\"Traducci\u00f3n\"><strong>Per qu\u00e8 triar el nostre equip?<\/strong><\/h1>\n<p align=\"justify\">.- Perqu\u00e8 existim\u00a0des de 1994, i hem estat un dels\u00a0pioners dins d&#8217;aquest m\u00f3n del\u00a0Triatl\u00f3 a Catalunya.<br \/>\n.- Perqu\u00e8 disposem de tot el que un\u00a0triatleta\u00a0pot necessitar, independentment del seu nivell inicial.<br \/>\n.- Perqu\u00e8 l&#8217;\u00fanic inter\u00e8s que ens mou \u00e9s la promoci\u00f3 d&#8217;aquest apassionant esport.<br \/>\n.- Perqu\u00e8 ens ajustem a les diferents opcions personals.<br \/>\n.- Perqu\u00e8 dif\u00edcilment trobar\u00e0s un club amb tant per tan poc.<br \/>\n.- Perqu\u00e8 qualsevol\u00a0triatleta\u00a0pot aconseguir una subvenci\u00f3 a partir del segon any, independentment del seu nivell.<br \/>\n.- Perqu\u00e8 et trobar\u00e0s com a casa.<\/p>\n<p><img loading=\"lazy\" class=\"aligncenter wp-image-5956 size-large\" src=\"http:\/\/prattriatlo.com\/wp-content\/uploads\/2022\/11\/18891896_1357279847680942_4086356896409370704_o-1024x678.jpg\" alt=\"\" width=\"1024\" height=\"678\" srcset=\"https:\/\/inscripciones.prattriatlo.com\/wp-content\/uploads\/2022\/11\/18891896_1357279847680942_4086356896409370704_o-1024x678.jpg 1024w, https:\/\/inscripciones.prattriatlo.com\/wp-content\/uploads\/2022\/11\/18891896_1357279847680942_4086356896409370704_o-300x199.jpg 300w, https:\/\/inscripciones.prattriatlo.com\/wp-content\/uploads\/2022\/11\/18891896_1357279847680942_4086356896409370704_o-768x509.jpg 768w, https:\/\/inscripciones.prattriatlo.com\/wp-content\/uploads\/2022\/11\/18891896_1357279847680942_4086356896409370704_o-1536x1018.jpg 1536w, https:\/\/inscripciones.prattriatlo.com\/wp-content\/uploads\/2022\/11\/18891896_1357279847680942_4086356896409370704_o-600x398.jpg 600w, https:\/\/inscripciones.prattriatlo.com\/wp-content\/uploads\/2022\/11\/18891896_1357279847680942_4086356896409370704_o.jpg 2000w\" sizes=\"(max-width: 1024px) 100vw, 1024px\" \/><img loading=\"lazy\" class=\"aligncenter wp-image-5959 size-large\" src=\"http:\/\/prattriatlo.com\/wp-content\/uploads\/2022\/11\/2WEB-1-1024x655.png\" alt=\"\" width=\"1024\" height=\"655\" srcset=\"https:\/\/inscripciones.prattriatlo.com\/wp-content\/uploads\/2022\/11\/2WEB-1-1024x655.png 1024w, https:\/\/inscripciones.prattriatlo.com\/wp-content\/uploads\/2022\/11\/2WEB-1-300x192.png 300w, https:\/\/inscripciones.prattriatlo.com\/wp-content\/uploads\/2022\/11\/2WEB-1-768x492.png 768w, https:\/\/inscripciones.prattriatlo.com\/wp-content\/uploads\/2022\/11\/2WEB-1-600x384.png 600w, https:\/\/inscripciones.prattriatlo.com\/wp-content\/uploads\/2022\/11\/2WEB-1.png 1200w\" sizes=\"(max-width: 1024px) 100vw, 1024px\" \/><img loading=\"lazy\" class=\"alignnone wp-image-5961 size-large\" src=\"http:\/\/prattriatlo.com\/wp-content\/uploads\/2022\/11\/1WEB-1-1024x638.jpg\" alt=\"\" width=\"1024\" height=\"638\" srcset=\"https:\/\/inscripciones.prattriatlo.com\/wp-content\/uploads\/2022\/11\/1WEB-1-1024x638.jpg 1024w, https:\/\/inscripciones.prattriatlo.com\/wp-content\/uploads\/2022\/11\/1WEB-1-300x187.jpg 300w, https:\/\/inscripciones.prattriatlo.com\/wp-content\/uploads\/2022\/11\/1WEB-1-768x479.jpg 768w, https:\/\/inscripciones.prattriatlo.com\/wp-content\/uploads\/2022\/11\/1WEB-1-600x374.jpg 600w, https:\/\/inscripciones.prattriatlo.com\/wp-content\/uploads\/2022\/11\/1WEB-1.jpg 1232w\" sizes=\"(max-width: 1024px) 100vw, 1024px\" \/> <img loading=\"lazy\" class=\"aligncenter wp-image-5962 size-large\" src=\"http:\/\/prattriatlo.com\/wp-content\/uploads\/2022\/11\/5WEB-1-1024x638.jpg\" alt=\"\" width=\"1024\" height=\"638\" srcset=\"https:\/\/inscripciones.prattriatlo.com\/wp-content\/uploads\/2022\/11\/5WEB-1-1024x638.jpg 1024w, https:\/\/inscripciones.prattriatlo.com\/wp-content\/uploads\/2022\/11\/5WEB-1-300x187.jpg 300w, https:\/\/inscripciones.prattriatlo.com\/wp-content\/uploads\/2022\/11\/5WEB-1-768x479.jpg 768w, https:\/\/inscripciones.prattriatlo.com\/wp-content\/uploads\/2022\/11\/5WEB-1-600x374.jpg 600w, https:\/\/inscripciones.prattriatlo.com\/wp-content\/uploads\/2022\/11\/5WEB-1.jpg 1232w\" sizes=\"(max-width: 1024px) 100vw, 1024px\" \/> <img loading=\"lazy\" class=\"aligncenter wp-image-5964 size-large\" src=\"http:\/\/prattriatlo.com\/wp-content\/uploads\/2022\/11\/4WEB-1-1024x638.jpg\" alt=\"\" width=\"1024\" height=\"638\" srcset=\"https:\/\/inscripciones.prattriatlo.com\/wp-content\/uploads\/2022\/11\/4WEB-1-1024x638.jpg 1024w, https:\/\/inscripciones.prattriatlo.com\/wp-content\/uploads\/2022\/11\/4WEB-1-300x187.jpg 300w, https:\/\/inscripciones.prattriatlo.com\/wp-content\/uploads\/2022\/11\/4WEB-1-768x479.jpg 768w, https:\/\/inscripciones.prattriatlo.com\/wp-content\/uploads\/2022\/11\/4WEB-1-600x374.jpg 600w, https:\/\/inscripciones.prattriatlo.com\/wp-content\/uploads\/2022\/11\/4WEB-1.jpg 1232w\" sizes=\"(max-width: 1024px) 100vw, 1024px\" \/><\/p>\n<\/div>\n<div class=\"accordion-heading content info\">\n<h1 dir=\"ltr\" data-placeholder=\"Traducci\u00f3n\"><strong>Qu\u00e8 oferim?<\/strong><\/h1>\n<p align=\"justify\">.- Entrenaments dirigits a instal\u00b7lacions esportives (piscina, ciclisme i pista d&#8217;atletisme), per franges hor\u00e0ries (mat\u00ed, migdia i tarda).<\/p>\n<p style=\"padding-left: 30px;\"><a href=\"http:\/\/prattriatlo.com\/?page_id=697\">Veure horaris d&#8217;entrenaments dirigits.<\/a><\/p>\n<p>.- Acc\u00e9s lliure a instal\u00b7lacions esportives (piscina i pista d&#8217;atletisme), per franges hor\u00e0ries.<\/p>\n<p style=\"padding-left: 30px;\"><a href=\"http:\/\/prattriatlo.com\/?page_id=697\">Veure horaris d&#8217;acc\u00e9s al CEM Sagnier.<\/a><\/p>\n<p>.- Planificaci\u00f3 online d&#8217;entrenaments a c\u00e0rrec del nostre equip t\u00e8cnic (titulat i amb llarga experi\u00e8ncia en triatl\u00f3).<br \/>\n.- Subvencions i ajudes en fitxa federativa i inscripcions en carreres de les diferents lligues catalanes a partir del segon any de perman\u00e8ncia en l&#8217;equip.<br \/>\n.- Sortides en grupeta de ciclisme els caps de setmana per a tots els nivells.<br \/>\n.-\u00a0Concentraci\u00f3 de triatletas del club en competicions puntuals fent pinya amb tot l&#8217;equip.<br \/>\n.-\u00a0Stage pels socis del club de lleure, activitats a l&#8217;aire lliure i entrenaments.<br \/>\n.-\u00a0Pack\u00a0de benvinguda: casquet nataci\u00f3 i\u00a0portadorsal.<\/p>\n<p><img loading=\"lazy\" class=\"aligncenter wp-image-5966 size-full\" src=\"http:\/\/prattriatlo.com\/wp-content\/uploads\/2022\/11\/pack_bv.jpg\" alt=\"\" width=\"397\" height=\"322\" srcset=\"https:\/\/inscripciones.prattriatlo.com\/wp-content\/uploads\/2022\/11\/pack_bv.jpg 397w, https:\/\/inscripciones.prattriatlo.com\/wp-content\/uploads\/2022\/11\/pack_bv-300x243.jpg 300w\" sizes=\"(max-width: 397px) 100vw, 397px\" \/><\/p>\n<h1 dir=\"ltr\" data-placeholder=\"Traducci\u00f3n\"><strong>Qu\u00e8 organitzem?<\/strong><\/h1>\n<p align=\"justify\">.- Triatl\u00f3 Sprint Ciutat del Prat &#8211; Memorial J.M.Felipe (Elit i Open).<br \/>\n.- Duatl\u00f3 Sprint Ciutat del Prat (Elit i Open)<br \/>\n.- Triatl\u00f3 Infantil del Prat (Open).<br \/>\n.- Aquatl\u00f3 Infantil del Prat (Open).<\/p>\n<p><img loading=\"lazy\" class=\"aligncenter wp-image-5967 size-large\" src=\"http:\/\/prattriatlo.com\/wp-content\/uploads\/2022\/11\/web22-1-1024x535.png\" alt=\"\" width=\"1024\" height=\"535\" srcset=\"https:\/\/inscripciones.prattriatlo.com\/wp-content\/uploads\/2022\/11\/web22-1-1024x535.png 1024w, https:\/\/inscripciones.prattriatlo.com\/wp-content\/uploads\/2022\/11\/web22-1-300x157.png 300w, https:\/\/inscripciones.prattriatlo.com\/wp-content\/uploads\/2022\/11\/web22-1-768x401.png 768w, https:\/\/inscripciones.prattriatlo.com\/wp-content\/uploads\/2022\/11\/web22-1-600x314.png 600w, https:\/\/inscripciones.prattriatlo.com\/wp-content\/uploads\/2022\/11\/web22-1.png 1200w\" sizes=\"(max-width: 1024px) 100vw, 1024px\" \/> <img loading=\"lazy\" class=\"aligncenter wp-image-5970 size-large\" src=\"http:\/\/prattriatlo.com\/wp-content\/uploads\/2022\/11\/web21-1-1024x535.png\" alt=\"\" width=\"1024\" height=\"535\" srcset=\"https:\/\/inscripciones.prattriatlo.com\/wp-content\/uploads\/2022\/11\/web21-1-1024x535.png 1024w, https:\/\/inscripciones.prattriatlo.com\/wp-content\/uploads\/2022\/11\/web21-1-300x157.png 300w, https:\/\/inscripciones.prattriatlo.com\/wp-content\/uploads\/2022\/11\/web21-1-768x401.png 768w, https:\/\/inscripciones.prattriatlo.com\/wp-content\/uploads\/2022\/11\/web21-1-600x314.png 600w, https:\/\/inscripciones.prattriatlo.com\/wp-content\/uploads\/2022\/11\/web21-1.png 1200w\" sizes=\"(max-width: 1024px) 100vw, 1024px\" \/> <img loading=\"lazy\" class=\"aligncenter wp-image-5974 size-large\" src=\"http:\/\/prattriatlo.com\/wp-content\/uploads\/2022\/11\/prat3-1024x638.png\" alt=\"\" width=\"1024\" height=\"638\" srcset=\"https:\/\/inscripciones.prattriatlo.com\/wp-content\/uploads\/2022\/11\/prat3-1024x638.png 1024w, https:\/\/inscripciones.prattriatlo.com\/wp-content\/uploads\/2022\/11\/prat3-300x187.png 300w, https:\/\/inscripciones.prattriatlo.com\/wp-content\/uploads\/2022\/11\/prat3-768x479.png 768w, https:\/\/inscripciones.prattriatlo.com\/wp-content\/uploads\/2022\/11\/prat3-600x374.png 600w, https:\/\/inscripciones.prattriatlo.com\/wp-content\/uploads\/2022\/11\/prat3.png 1200w\" sizes=\"(max-width: 1024px) 100vw, 1024px\" \/><img loading=\"lazy\" class=\"aligncenter wp-image-5975 size-large\" src=\"http:\/\/prattriatlo.com\/wp-content\/uploads\/2022\/11\/7WEB-2-1024x638.jpg\" alt=\"\" width=\"1024\" height=\"638\" srcset=\"https:\/\/inscripciones.prattriatlo.com\/wp-content\/uploads\/2022\/11\/7WEB-2-1024x638.jpg 1024w, https:\/\/inscripciones.prattriatlo.com\/wp-content\/uploads\/2022\/11\/7WEB-2-300x187.jpg 300w, https:\/\/inscripciones.prattriatlo.com\/wp-content\/uploads\/2022\/11\/7WEB-2-768x479.jpg 768w, https:\/\/inscripciones.prattriatlo.com\/wp-content\/uploads\/2022\/11\/7WEB-2-600x374.jpg 600w, https:\/\/inscripciones.prattriatlo.com\/wp-content\/uploads\/2022\/11\/7WEB-2.jpg 1232w\" sizes=\"(max-width: 1024px) 100vw, 1024px\" \/><img loading=\"lazy\" class=\"aligncenter wp-image-5973 size-full\" src=\"http:\/\/prattriatlo.com\/wp-content\/uploads\/2022\/11\/prat2.png\" alt=\"\" width=\"1200\" height=\"748\" srcset=\"https:\/\/inscripciones.prattriatlo.com\/wp-content\/uploads\/2022\/11\/prat2.png 1200w, https:\/\/inscripciones.prattriatlo.com\/wp-content\/uploads\/2022\/11\/prat2-300x187.png 300w, https:\/\/inscripciones.prattriatlo.com\/wp-content\/uploads\/2022\/11\/prat2-1024x638.png 1024w, https:\/\/inscripciones.prattriatlo.com\/wp-content\/uploads\/2022\/11\/prat2-768x479.png 768w, https:\/\/inscripciones.prattriatlo.com\/wp-content\/uploads\/2022\/11\/prat2-600x374.png 600w\" sizes=\"(max-width: 1200px) 100vw, 1200px\" \/><img loading=\"lazy\" class=\"aligncenter wp-image-5972 size-large\" src=\"http:\/\/prattriatlo.com\/wp-content\/uploads\/2022\/11\/prat1-1024x638.png\" alt=\"\" width=\"1024\" height=\"638\" srcset=\"https:\/\/inscripciones.prattriatlo.com\/wp-content\/uploads\/2022\/11\/prat1-1024x638.png 1024w, https:\/\/inscripciones.prattriatlo.com\/wp-content\/uploads\/2022\/11\/prat1-300x187.png 300w, https:\/\/inscripciones.prattriatlo.com\/wp-content\/uploads\/2022\/11\/prat1-768x479.png 768w, https:\/\/inscripciones.prattriatlo.com\/wp-content\/uploads\/2022\/11\/prat1-600x374.png 600w, https:\/\/inscripciones.prattriatlo.com\/wp-content\/uploads\/2022\/11\/prat1.png 1200w\" sizes=\"(max-width: 1024px) 100vw, 1024px\" \/><\/p>\n<\/div>\n<div class=\"col-md-12\">\n<div>\n<h1 dir=\"ltr\" data-placeholder=\"Traducci\u00f3n\"><strong>Qu\u00e8 demanem?<\/strong><\/h1>\n<p align=\"justify\">.- Nom\u00e9s demanem ganes d&#8217;entrenar i cr\u00e9ixer com\u00a0triatleta\u00a0i persona, aix\u00ed com ganes de compartir un m\u00f3n ple d&#8217;emocions.<br \/>\n.- No demanem cap nivell previ, ja que tenim socis de tots els nivells.<\/p>\n<\/div>\n<\/div>\n<p><\/p>","protected":false},"excerpt":{"rendered":"<p>Per qu\u00e8 triar el nostre equip? .- Perqu\u00e8 existim\u00a0des de 1994, i hem estat un dels\u00a0pioners dins d&#8217;aquest m\u00f3n del\u00a0Triatl\u00f3 a Catalunya. .- Perqu\u00e8 disposem de tot el que un\u00a0triatleta\u00a0pot necessitar, independentment del seu nivell inicial. .- Perqu\u00e8 l&#8217;\u00fanic inter\u00e8s que ens mou \u00e9s la promoci\u00f3 d&#8217;aquest apassionant esport. .- Perqu\u00e8 ens ajustem a les [&hellip;]<\/p>\n","protected":false},"author":1,"featured_media":0,"parent":0,"menu_order":0,"comment_status":"closed","ping_status":"closed","template":"","meta":[],"_links":{"self":[{"href":"https:\/\/inscripciones.prattriatlo.com\/index.php?rest_route=\/wp\/v2\/pages\/13"}],"collection":[{"href":"https:\/\/inscripciones.prattriatlo.com\/index.php?rest_route=\/wp\/v2\/pages"}],"about":[{"href":"https:\/\/inscripciones.prattriatlo.com\/index.php?rest_route=\/wp\/v2\/types\/page"}],"author":[{"embeddable":true,"href":"https:\/\/inscripciones.prattriatlo.com\/index.php?rest_route=\/wp\/v2\/users\/1"}],"replies":[{"embeddable":true,"href":"https:\/\/inscripciones.prattriatlo.com\/index.php?rest_route=%2Fwp%2Fv2%2Fcomments&post=13"}],"version-history":[{"count":100,"href":"https:\/\/inscripciones.prattriatlo.com\/index.php?rest_route=\/wp\/v2\/pages\/13\/revisions"}],"predecessor-version":[{"id":5979,"href":"https:\/\/inscripciones.prattriatlo.com\/index.php?rest_route=\/wp\/v2\/pages\/13\/revisions\/5979"}],"wp:attachment":[{"href":"https:\/\/inscripciones.prattriatlo.com\/index.php?rest_route=%2Fwp%2Fv2%2Fmedia&parent=13"}],"curies":[{"name":"wp","href":"https:\/\/api.w.org\/{rel}","templated":true}]}}