{"id":17,"date":"2017-08-21T14:55:56","date_gmt":"2017-08-21T14:55:56","guid":{"rendered":"http:\/\/prattriatlo.com\/?page_id=17"},"modified":"2023-05-27T06:18:11","modified_gmt":"2023-05-27T06:18:11","slug":"escola-prat-triatlo","status":"publish","type":"page","link":"https:\/\/inscripciones.prattriatlo.com\/?page_id=17","title":{"rendered":"Escola Prat Triatl\u00f3"},"content":{"rendered":"\t\t<div data-elementor-type=\"wp-page\" data-elementor-id=\"17\" class=\"elementor elementor-17\" data-elementor-settings=\"[]\">\n\t\t\t\t\t\t<div class=\"elementor-inner\">\n\t\t\t\t\t\t\t<div class=\"elementor-section-wrap\">\n\t\t\t\t\t\t\t<section class=\"elementor-section elementor-top-section elementor-element elementor-element-37853a8 elementor-section-boxed elementor-section-height-default elementor-section-height-default\" data-id=\"37853a8\" data-element_type=\"section\">\n\t\t\t\t\t\t<div class=\"elementor-container elementor-column-gap-default\">\n\t\t\t\t\t\t\t<div class=\"elementor-row\">\n\t\t\t\t\t<div class=\"elementor-column elementor-col-100 elementor-top-column elementor-element elementor-element-3525342\" data-id=\"3525342\" data-element_type=\"column\">\n\t\t\t<div class=\"elementor-column-wrap elementor-element-populated\">\n\t\t\t\t\t\t\t<div class=\"elementor-widget-wrap\">\n\t\t\t\t\t\t<div class=\"elementor-element elementor-element-71a93ae elementor-widget elementor-widget-text-editor\" data-id=\"71a93ae\" data-element_type=\"widget\" data-widget_type=\"text-editor.default\">\n\t\t\t\t<div class=\"elementor-widget-container\">\n\t\t\t\t\t<div class=\"elementor-text-editor elementor-clearfix\"><p><\/p><p><\/p><p>Escola homologada per les federacions catalana i espanyola de triatl\u00f3. Competint en la primera divisi\u00f3 de la lliga nacional de talents organitzada per la FETRI.<\/p><p>Si vius en qualsevol lloc del Baix Llobregat i t&#8217;agrada practicar el triatl\u00f3, Prat Triatlo 1994 \u00e9s el club m\u00e9s veter\u00e0 de tota la comarca, amb una reconeguda traject\u00f2ria d&#8217;entrenaments i resultats.<\/p><p>Tenim el millor i m\u00e9s gran grup d&#8217;entrenament, a c\u00e0rrec d&#8217;entrenadors professionals, amb un programa de desenvolupament a llarg termini, amb especial \u00e8mfasi en la t\u00e8cnica de les 3 disciplines que engloben el nostre esport.<\/p><p>A la nostra escola podr\u00e0s aprendre a desenvolupar tot el teu potencial en un entorn relaxat i d&#8217;alta qualificaci\u00f3 personal i t\u00e8cnica.<\/p><p>Des dels m\u00e9s petits (PREBENJAM\u00cd, nascuts el 2017), fins als m\u00e9s grans (JUVENIL, nascuts el 2006). Des del nivell m\u00e9s baix, fins al m\u00e9s alt, a trav\u00e9s d&#8217;un programa a llarg termini adaptat a l&#8217;edat i nivell dels nostres petits gladiadors.<\/p><p>A l&#8217;Escola tindr\u00e0s cada setmana sessions dirigides de nataci\u00f3, bicicleta i cursa, sessions de t\u00e8cnica espec\u00edfiques de triatl\u00f3, assist\u00e8ncia a competicions, tot el necessari perqu\u00e8 els nens creixin i madurin fent el seu esport preferit.<\/p><p>La m\u00e9s \u00e0mplia oferta de grups, horaris i nivells de tota la prov\u00edncia de Barcelona i Catalunya. La millor oportunitat de practicar triatl\u00f3 per als vostres fills. L&#8217;\u00fanic equip amb grup d&#8217;entrenament permanent pertanyent a la Lliga nacional de talents.<\/p><p>Tant si vols aprendre i comen\u00e7ar, com si vols millorar o perfeccionar-te, o si ja est\u00e0s en la fase de comen\u00e7ar a competir seriosament i obtenir els teus primers resultats, l&#8217;escola de Prat Triatlo 1994 \u00e9s el lloc ideal. El millor ambient esportiu, els millors grups d&#8217;entrenament. El Prat, un club amb organitzaci\u00f3 d&#8217;esdeveniments propis, amb triatletes en l&#8217;elit nacional, declarat millor entitat esportiva del Prat i millor club catal\u00e0.<\/p><p>L&#8217;objectiu final de la nostra escola \u00e9s la formaci\u00f3 de talents per a la pr\u00e0ctica i participaci\u00f3 esportiva adulta. Per aix\u00f2 \u00e9s imprescindible la participaci\u00f3 en competicions i esdeveniments esportius pels petits, per desenvolupar tamb\u00e9, igual que la resta, les habilitats competitives b\u00e0siques. Sempre dins d&#8217;un entorn raonable i constructiu.<\/p><p><\/p><\/div>\n\t\t\t\t<\/div>\n\t\t\t\t<\/div>\n\t\t\t\t\t\t<\/div>\n\t\t\t\t\t<\/div>\n\t\t<\/div>\n\t\t\t\t\t\t\t\t<\/div>\n\t\t\t\t\t<\/div>\n\t\t<\/section>\n\t\t\t\t<section class=\"elementor-section elementor-top-section elementor-element elementor-element-54e208e elementor-section-boxed elementor-section-height-default elementor-section-height-default\" data-id=\"54e208e\" data-element_type=\"section\">\n\t\t\t\t\t\t<div class=\"elementor-container elementor-column-gap-default\">\n\t\t\t\t\t\t\t<div class=\"elementor-row\">\n\t\t\t\t\t<div class=\"elementor-column elementor-col-100 elementor-top-column elementor-element elementor-element-5ace1ef\" data-id=\"5ace1ef\" data-element_type=\"column\">\n\t\t\t<div class=\"elementor-column-wrap elementor-element-populated\">\n\t\t\t\t\t\t\t<div class=\"elementor-widget-wrap\">\n\t\t\t\t\t\t<div class=\"elementor-element elementor-element-ddabc5a elementor-widget elementor-widget-image\" data-id=\"ddabc5a\" data-element_type=\"widget\" data-widget_type=\"image.default\">\n\t\t\t\t<div class=\"elementor-widget-container\">\n\t\t\t\t\t<div class=\"elementor-image\">\n\t\t\t\t\t\t\t\t\t\t<img width=\"800\" height=\"600\" src=\"https:\/\/inscripciones.prattriatlo.com\/wp-content\/uploads\/2023\/05\/escuela_2023.jpg\" class=\"attachment-large size-large\" alt=\"\" loading=\"lazy\" srcset=\"https:\/\/inscripciones.prattriatlo.com\/wp-content\/uploads\/2023\/05\/escuela_2023.jpg 800w, https:\/\/inscripciones.prattriatlo.com\/wp-content\/uploads\/2023\/05\/escuela_2023-300x225.jpg 300w, https:\/\/inscripciones.prattriatlo.com\/wp-content\/uploads\/2023\/05\/escuela_2023-768x576.jpg 768w, https:\/\/inscripciones.prattriatlo.com\/wp-content\/uploads\/2023\/05\/escuela_2023-600x450.jpg 600w\" sizes=\"(max-width: 800px) 100vw, 800px\" \/>\t\t\t\t\t\t\t\t\t\t\t<\/div>\n\t\t\t\t<\/div>\n\t\t\t\t<\/div>\n\t\t\t\t\t\t<\/div>\n\t\t\t\t\t<\/div>\n\t\t<\/div>\n\t\t\t\t\t\t\t\t<\/div>\n\t\t\t\t\t<\/div>\n\t\t<\/section>\n\t\t\t\t<section class=\"elementor-section elementor-top-section elementor-element elementor-element-9e36aa3 elementor-section-boxed elementor-section-height-default elementor-section-height-default\" data-id=\"9e36aa3\" data-element_type=\"section\">\n\t\t\t\t\t\t<div class=\"elementor-container elementor-column-gap-default\">\n\t\t\t\t\t\t\t<div class=\"elementor-row\">\n\t\t\t\t\t<div class=\"elementor-column elementor-col-50 elementor-top-column elementor-element elementor-element-6095624\" data-id=\"6095624\" data-element_type=\"column\">\n\t\t\t<div class=\"elementor-column-wrap elementor-element-populated\">\n\t\t\t\t\t\t\t<div class=\"elementor-widget-wrap\">\n\t\t\t\t\t\t<div class=\"elementor-element elementor-element-cfacbfb elementor-widget elementor-widget-image\" data-id=\"cfacbfb\" data-element_type=\"widget\" data-widget_type=\"image.default\">\n\t\t\t\t<div class=\"elementor-widget-container\">\n\t\t\t\t\t<div class=\"elementor-image\">\n\t\t\t\t\t\t\t\t\t\t<img width=\"768\" height=\"1354\" src=\"https:\/\/inscripciones.prattriatlo.com\/wp-content\/uploads\/2023\/05\/52370288984_4dd5dd640a_o-scaled-e1685167934975-768x1354.jpg\" class=\"attachment-medium_large size-medium_large\" alt=\"\" loading=\"lazy\" srcset=\"https:\/\/inscripciones.prattriatlo.com\/wp-content\/uploads\/2023\/05\/52370288984_4dd5dd640a_o-scaled-e1685167934975-768x1354.jpg 768w, https:\/\/inscripciones.prattriatlo.com\/wp-content\/uploads\/2023\/05\/52370288984_4dd5dd640a_o-scaled-e1685167934975-170x300.jpg 170w, https:\/\/inscripciones.prattriatlo.com\/wp-content\/uploads\/2023\/05\/52370288984_4dd5dd640a_o-scaled-e1685167934975-581x1024.jpg 581w, https:\/\/inscripciones.prattriatlo.com\/wp-content\/uploads\/2023\/05\/52370288984_4dd5dd640a_o-scaled-e1685167934975-871x1536.jpg 871w, https:\/\/inscripciones.prattriatlo.com\/wp-content\/uploads\/2023\/05\/52370288984_4dd5dd640a_o-scaled-e1685167934975-1162x2048.jpg 1162w, https:\/\/inscripciones.prattriatlo.com\/wp-content\/uploads\/2023\/05\/52370288984_4dd5dd640a_o-scaled-e1685167934975-600x1058.jpg 600w, https:\/\/inscripciones.prattriatlo.com\/wp-content\/uploads\/2023\/05\/52370288984_4dd5dd640a_o-scaled-e1685167934975.jpg 1452w\" sizes=\"(max-width: 768px) 100vw, 768px\" \/>\t\t\t\t\t\t\t\t\t\t\t<\/div>\n\t\t\t\t<\/div>\n\t\t\t\t<\/div>\n\t\t\t\t\t\t<\/div>\n\t\t\t\t\t<\/div>\n\t\t<\/div>\n\t\t\t\t<div class=\"elementor-column elementor-col-50 elementor-top-column elementor-element elementor-element-86cb8af\" data-id=\"86cb8af\" data-element_type=\"column\">\n\t\t\t<div class=\"elementor-column-wrap elementor-element-populated\">\n\t\t\t\t\t\t\t<div class=\"elementor-widget-wrap\">\n\t\t\t\t\t\t<div class=\"elementor-element elementor-element-0420544 elementor-widget elementor-widget-image\" data-id=\"0420544\" data-element_type=\"widget\" data-widget_type=\"image.default\">\n\t\t\t\t<div class=\"elementor-widget-container\">\n\t\t\t\t\t<div class=\"elementor-image\">\n\t\t\t\t\t\t\t\t\t\t<img width=\"768\" height=\"1356\" src=\"https:\/\/inscripciones.prattriatlo.com\/wp-content\/uploads\/2023\/05\/52370206898_384130784a_o-768x1356.jpg\" class=\"attachment-medium_large size-medium_large\" alt=\"\" loading=\"lazy\" srcset=\"https:\/\/inscripciones.prattriatlo.com\/wp-content\/uploads\/2023\/05\/52370206898_384130784a_o-768x1356.jpg 768w, https:\/\/inscripciones.prattriatlo.com\/wp-content\/uploads\/2023\/05\/52370206898_384130784a_o-170x300.jpg 170w, https:\/\/inscripciones.prattriatlo.com\/wp-content\/uploads\/2023\/05\/52370206898_384130784a_o-580x1024.jpg 580w, https:\/\/inscripciones.prattriatlo.com\/wp-content\/uploads\/2023\/05\/52370206898_384130784a_o-870x1536.jpg 870w, https:\/\/inscripciones.prattriatlo.com\/wp-content\/uploads\/2023\/05\/52370206898_384130784a_o-1160x2048.jpg 1160w, https:\/\/inscripciones.prattriatlo.com\/wp-content\/uploads\/2023\/05\/52370206898_384130784a_o-600x1059.jpg 600w, https:\/\/inscripciones.prattriatlo.com\/wp-content\/uploads\/2023\/05\/52370206898_384130784a_o-scaled.jpg 1450w\" sizes=\"(max-width: 768px) 100vw, 768px\" \/>\t\t\t\t\t\t\t\t\t\t\t<\/div>\n\t\t\t\t<\/div>\n\t\t\t\t<\/div>\n\t\t\t\t\t\t<\/div>\n\t\t\t\t\t<\/div>\n\t\t<\/div>\n\t\t\t\t\t\t\t\t<\/div>\n\t\t\t\t\t<\/div>\n\t\t<\/section>\n\t\t\t\t<section class=\"elementor-section elementor-top-section elementor-element elementor-element-ac6d8d1 elementor-section-boxed elementor-section-height-default elementor-section-height-default\" data-id=\"ac6d8d1\" data-element_type=\"section\">\n\t\t\t\t\t\t<div class=\"elementor-container elementor-column-gap-default\">\n\t\t\t\t\t\t\t<div class=\"elementor-row\">\n\t\t\t\t\t<div class=\"elementor-column elementor-col-50 elementor-top-column elementor-element elementor-element-5cc42b1\" data-id=\"5cc42b1\" data-element_type=\"column\">\n\t\t\t<div class=\"elementor-column-wrap elementor-element-populated\">\n\t\t\t\t\t\t\t<div class=\"elementor-widget-wrap\">\n\t\t\t\t\t\t<div class=\"elementor-element elementor-element-2fbc7ec elementor-widget elementor-widget-image\" data-id=\"2fbc7ec\" data-element_type=\"widget\" data-widget_type=\"image.default\">\n\t\t\t\t<div class=\"elementor-widget-container\">\n\t\t\t\t\t<div class=\"elementor-image\">\n\t\t\t\t\t\t\t\t\t\t<img width=\"821\" height=\"1024\" src=\"https:\/\/inscripciones.prattriatlo.com\/wp-content\/uploads\/2023\/05\/52372928499_2299c78f89_o-821x1024.jpg\" class=\"attachment-large size-large\" alt=\"\" loading=\"lazy\" srcset=\"https:\/\/inscripciones.prattriatlo.com\/wp-content\/uploads\/2023\/05\/52372928499_2299c78f89_o-821x1024.jpg 821w, https:\/\/inscripciones.prattriatlo.com\/wp-content\/uploads\/2023\/05\/52372928499_2299c78f89_o-241x300.jpg 241w, https:\/\/inscripciones.prattriatlo.com\/wp-content\/uploads\/2023\/05\/52372928499_2299c78f89_o-768x958.jpg 768w, https:\/\/inscripciones.prattriatlo.com\/wp-content\/uploads\/2023\/05\/52372928499_2299c78f89_o-1232x1536.jpg 1232w, https:\/\/inscripciones.prattriatlo.com\/wp-content\/uploads\/2023\/05\/52372928499_2299c78f89_o-1642x2048.jpg 1642w, https:\/\/inscripciones.prattriatlo.com\/wp-content\/uploads\/2023\/05\/52372928499_2299c78f89_o-600x748.jpg 600w\" sizes=\"(max-width: 821px) 100vw, 821px\" \/>\t\t\t\t\t\t\t\t\t\t\t<\/div>\n\t\t\t\t<\/div>\n\t\t\t\t<\/div>\n\t\t\t\t\t\t<\/div>\n\t\t\t\t\t<\/div>\n\t\t<\/div>\n\t\t\t\t<div class=\"elementor-column elementor-col-50 elementor-top-column elementor-element elementor-element-b81df49\" data-id=\"b81df49\" data-element_type=\"column\">\n\t\t\t<div class=\"elementor-column-wrap elementor-element-populated\">\n\t\t\t\t\t\t\t<div class=\"elementor-widget-wrap\">\n\t\t\t\t\t\t<div class=\"elementor-element elementor-element-c02a4fe elementor-widget elementor-widget-image\" data-id=\"c02a4fe\" data-element_type=\"widget\" data-widget_type=\"image.default\">\n\t\t\t\t<div class=\"elementor-widget-container\">\n\t\t\t\t\t<div class=\"elementor-image\">\n\t\t\t\t\t\t\t\t\t\t<img width=\"1024\" height=\"902\" src=\"https:\/\/inscripciones.prattriatlo.com\/wp-content\/uploads\/2023\/05\/52373031220_5995fbdb8f_o-1024x902.jpg\" class=\"attachment-large size-large\" alt=\"\" loading=\"lazy\" srcset=\"https:\/\/inscripciones.prattriatlo.com\/wp-content\/uploads\/2023\/05\/52373031220_5995fbdb8f_o-1024x902.jpg 1024w, https:\/\/inscripciones.prattriatlo.com\/wp-content\/uploads\/2023\/05\/52373031220_5995fbdb8f_o-300x264.jpg 300w, https:\/\/inscripciones.prattriatlo.com\/wp-content\/uploads\/2023\/05\/52373031220_5995fbdb8f_o-768x677.jpg 768w, https:\/\/inscripciones.prattriatlo.com\/wp-content\/uploads\/2023\/05\/52373031220_5995fbdb8f_o-1536x1354.jpg 1536w, https:\/\/inscripciones.prattriatlo.com\/wp-content\/uploads\/2023\/05\/52373031220_5995fbdb8f_o-2048x1805.jpg 2048w, https:\/\/inscripciones.prattriatlo.com\/wp-content\/uploads\/2023\/05\/52373031220_5995fbdb8f_o-600x529.jpg 600w\" sizes=\"(max-width: 1024px) 100vw, 1024px\" \/>\t\t\t\t\t\t\t\t\t\t\t<\/div>\n\t\t\t\t<\/div>\n\t\t\t\t<\/div>\n\t\t\t\t\t\t<\/div>\n\t\t\t\t\t<\/div>\n\t\t<\/div>\n\t\t\t\t\t\t\t\t<\/div>\n\t\t\t\t\t<\/div>\n\t\t<\/section>\n\t\t\t\t<section class=\"elementor-section elementor-top-section elementor-element elementor-element-3fcf71f2 elementor-section-boxed elementor-section-height-default elementor-section-height-default\" data-id=\"3fcf71f2\" data-element_type=\"section\">\n\t\t\t\t\t\t<div class=\"elementor-container elementor-column-gap-default\">\n\t\t\t\t\t\t\t<div class=\"elementor-row\">\n\t\t\t\t\t<div class=\"elementor-column elementor-col-100 elementor-top-column elementor-element elementor-element-46a0764b\" data-id=\"46a0764b\" data-element_type=\"column\">\n\t\t\t<div class=\"elementor-column-wrap elementor-element-populated\">\n\t\t\t\t\t\t\t<div class=\"elementor-widget-wrap\">\n\t\t\t\t\t\t<div class=\"elementor-element elementor-element-738262e2 elementor-widget elementor-widget-text-editor\" data-id=\"738262e2\" data-element_type=\"widget\" data-widget_type=\"text-editor.default\">\n\t\t\t\t<div class=\"elementor-widget-container\">\n\t\t\t\t\t<div class=\"elementor-text-editor elementor-clearfix\"><p><a href=\"http:\/\/prattriatlo.com\/wp-content\/uploads\/2023\/05\/escuela_2023.jpg\"><img loading=\"lazy\" class=\"aligncenter wp-image-6340\" src=\"http:\/\/prattriatlo.com\/wp-content\/uploads\/2023\/05\/escuela_2023-300x225.jpg\" alt=\"\" width=\"800\" height=\"600\" srcset=\"https:\/\/inscripciones.prattriatlo.com\/wp-content\/uploads\/2023\/05\/escuela_2023-300x225.jpg 300w, https:\/\/inscripciones.prattriatlo.com\/wp-content\/uploads\/2023\/05\/escuela_2023-768x576.jpg 768w, https:\/\/inscripciones.prattriatlo.com\/wp-content\/uploads\/2023\/05\/escuela_2023-600x450.jpg 600w, https:\/\/inscripciones.prattriatlo.com\/wp-content\/uploads\/2023\/05\/escuela_2023.jpg 800w\" sizes=\"(max-width: 800px) 100vw, 800px\" \/><\/a><!-- Imatges --><a href=\"http:\/\/prattriatlo.com\/wp-content\/uploads\/2017\/08\/escola1-2.jpg\"><img loading=\"lazy\" class=\"aligncenter wp-image-1133\" src=\"http:\/\/prattriatlo.com\/wp-content\/uploads\/2017\/08\/escola1-2-e1684953691608.jpg\" alt=\"\" width=\"800\" height=\"530\" srcset=\"https:\/\/inscripciones.prattriatlo.com\/wp-content\/uploads\/2017\/08\/escola1-2-e1684953691608.jpg 1200w, https:\/\/inscripciones.prattriatlo.com\/wp-content\/uploads\/2017\/08\/escola1-2-e1684953691608-300x199.jpg 300w, https:\/\/inscripciones.prattriatlo.com\/wp-content\/uploads\/2017\/08\/escola1-2-e1684953691608-768x509.jpg 768w, https:\/\/inscripciones.prattriatlo.com\/wp-content\/uploads\/2017\/08\/escola1-2-e1684953691608-1024x678.jpg 1024w, https:\/\/inscripciones.prattriatlo.com\/wp-content\/uploads\/2017\/08\/escola1-2-e1684953691608-600x398.jpg 600w\" sizes=\"(max-width: 800px) 100vw, 800px\" \/><\/a><a href=\"http:\/\/prattriatlo.com\/wp-content\/uploads\/2017\/08\/escola5-1024x678.jpg\"><br \/><\/a><a href=\"http:\/\/prattriatlo.com\/wp-content\/uploads\/2017\/08\/escola5.jpg\"><img loading=\"lazy\" class=\"aligncenter wp-image-1143\" src=\"http:\/\/prattriatlo.com\/wp-content\/uploads\/2017\/08\/escola5-e1684953713855.jpg\" alt=\"\" width=\"800\" height=\"530\" srcset=\"https:\/\/inscripciones.prattriatlo.com\/wp-content\/uploads\/2017\/08\/escola5-e1684953713855.jpg 1200w, https:\/\/inscripciones.prattriatlo.com\/wp-content\/uploads\/2017\/08\/escola5-e1684953713855-300x199.jpg 300w, https:\/\/inscripciones.prattriatlo.com\/wp-content\/uploads\/2017\/08\/escola5-e1684953713855-768x509.jpg 768w, https:\/\/inscripciones.prattriatlo.com\/wp-content\/uploads\/2017\/08\/escola5-e1684953713855-1024x678.jpg 1024w, https:\/\/inscripciones.prattriatlo.com\/wp-content\/uploads\/2017\/08\/escola5-e1684953713855-600x398.jpg 600w\" sizes=\"(max-width: 800px) 100vw, 800px\" \/><\/a><a href=\"http:\/\/prattriatlo.com\/wp-content\/uploads\/2017\/08\/escola2-1024x683.jpg\"><br \/><\/a><a href=\"http:\/\/prattriatlo.com\/wp-content\/uploads\/2017\/08\/escola2-1024x683.jpg\"><img loading=\"lazy\" class=\"aligncenter wp-image-1137 size-full\" src=\"http:\/\/prattriatlo.com\/wp-content\/uploads\/2017\/08\/escola2-e1684953887412.jpg\" alt=\"\" width=\"1200\" height=\"800\" srcset=\"https:\/\/inscripciones.prattriatlo.com\/wp-content\/uploads\/2017\/08\/escola2-e1684953887412.jpg 1200w, https:\/\/inscripciones.prattriatlo.com\/wp-content\/uploads\/2017\/08\/escola2-e1684953887412-300x200.jpg 300w, https:\/\/inscripciones.prattriatlo.com\/wp-content\/uploads\/2017\/08\/escola2-e1684953887412-768x512.jpg 768w, https:\/\/inscripciones.prattriatlo.com\/wp-content\/uploads\/2017\/08\/escola2-e1684953887412-1024x683.jpg 1024w, https:\/\/inscripciones.prattriatlo.com\/wp-content\/uploads\/2017\/08\/escola2-e1684953887412-600x400.jpg 600w\" sizes=\"(max-width: 1200px) 100vw, 1200px\" \/><\/a><br \/><a href=\"http:\/\/prattriatlo.com\/wp-content\/uploads\/2017\/08\/escola3.jpg\"><img loading=\"lazy\" class=\"aligncenter wp-image-1140\" src=\"http:\/\/prattriatlo.com\/wp-content\/uploads\/2017\/08\/escola3.jpg\" alt=\"\" width=\"800\" height=\"533\" \/><\/a><br \/><a href=\"http:\/\/prattriatlo.com\/wp-content\/uploads\/2017\/08\/escola4.jpg\"><img loading=\"lazy\" class=\"aligncenter wp-image-1139\" src=\"http:\/\/prattriatlo.com\/wp-content\/uploads\/2017\/08\/escola4.jpg\" alt=\"\" width=\"600\" height=\"400\" \/><\/a><!-- Fi Imatges --><\/p><\/div>\n\t\t\t\t<\/div>\n\t\t\t\t<\/div>\n\t\t\t\t\t\t<\/div>\n\t\t\t\t\t<\/div>\n\t\t<\/div>\n\t\t\t\t\t\t\t\t<\/div>\n\t\t\t\t\t<\/div>\n\t\t<\/section>\n\t\t\t\t\t\t<\/div>\n\t\t\t\t\t\t<\/div>\n\t\t\t\t\t<\/div>\n\t\t","protected":false},"excerpt":{"rendered":"<p>Escola homologada per les federacions catalana i espanyola de triatl\u00f3. Competint en la primera divisi\u00f3 de la lliga nacional de talents organitzada per la FETRI. Si vius en qualsevol lloc del Baix Llobregat i t&#8217;agrada practicar el triatl\u00f3, Prat Triatlo 1994 \u00e9s el club m\u00e9s veter\u00e0 de tota la comarca, amb una reconeguda traject\u00f2ria d&#8217;entrenaments [&hellip;]<\/p>\n","protected":false},"author":1,"featured_media":0,"parent":0,"menu_order":0,"comment_status":"closed","ping_status":"closed","template":"","meta":[],"_links":{"self":[{"href":"https:\/\/inscripciones.prattriatlo.com\/index.php?rest_route=\/wp\/v2\/pages\/17"}],"collection":[{"href":"https:\/\/inscripciones.prattriatlo.com\/index.php?rest_route=\/wp\/v2\/pages"}],"about":[{"href":"https:\/\/inscripciones.prattriatlo.com\/index.php?rest_route=\/wp\/v2\/types\/page"}],"author":[{"embeddable":true,"href":"https:\/\/inscripciones.prattriatlo.com\/index.php?rest_route=\/wp\/v2\/users\/1"}],"replies":[{"embeddable":true,"href":"https:\/\/inscripciones.prattriatlo.com\/index.php?rest_route=%2Fwp%2Fv2%2Fcomments&post=17"}],"version-history":[{"count":78,"href":"https:\/\/inscripciones.prattriatlo.com\/index.php?rest_route=\/wp\/v2\/pages\/17\/revisions"}],"predecessor-version":[{"id":6417,"href":"https:\/\/inscripciones.prattriatlo.com\/index.php?rest_route=\/wp\/v2\/pages\/17\/revisions\/6417"}],"wp:attachment":[{"href":"https:\/\/inscripciones.prattriatlo.com\/index.php?rest_route=%2Fwp%2Fv2%2Fmedia&parent=17"}],"curies":[{"name":"wp","href":"https:\/\/api.w.org\/{rel}","templated":true}]}}