{"id":19,"date":"2017-08-21T14:56:12","date_gmt":"2017-08-21T14:56:12","guid":{"rendered":"http:\/\/prattriatlo.com\/?page_id=19"},"modified":"2020-09-10T11:52:24","modified_gmt":"2020-09-10T11:52:24","slug":"contacto","status":"publish","type":"page","link":"https:\/\/inscripciones.prattriatlo.com\/?page_id=19","title":{"rendered":"Contacte"},"content":{"rendered":"\t\t<div data-elementor-type=\"wp-page\" data-elementor-id=\"19\" class=\"elementor elementor-19\" data-elementor-settings=\"[]\">\n\t\t\t\t\t\t<div class=\"elementor-inner\">\n\t\t\t\t\t\t\t<div class=\"elementor-section-wrap\">\n\t\t\t\t\t\t\t<section class=\"elementor-section elementor-top-section elementor-element elementor-element-5578b8fc elementor-section-boxed elementor-section-height-default elementor-section-height-default\" data-id=\"5578b8fc\" data-element_type=\"section\">\n\t\t\t\t\t\t<div class=\"elementor-container elementor-column-gap-default\">\n\t\t\t\t\t\t\t<div class=\"elementor-row\">\n\t\t\t\t\t<div class=\"elementor-column elementor-col-100 elementor-top-column elementor-element elementor-element-790e781e\" data-id=\"790e781e\" data-element_type=\"column\">\n\t\t\t<div class=\"elementor-column-wrap elementor-element-populated\">\n\t\t\t\t\t\t\t<div class=\"elementor-widget-wrap\">\n\t\t\t\t\t\t<div class=\"elementor-element elementor-element-a096b33 elementor-widget elementor-widget-text-editor\" data-id=\"a096b33\" data-element_type=\"widget\" data-widget_type=\"text-editor.default\">\n\t\t\t\t<div class=\"elementor-widget-container\">\n\t\t\t\t\t<div class=\"elementor-text-editor elementor-clearfix\"><p><iframe style=\"border: 0;\" src=\"https:\/\/www.google.com\/maps\/embed?pb=!1m18!1m12!1m3!1d2996.404579972548!2d2.0808453153725246!3d41.32181497927023!2m3!1f0!2f0!3f0!3m2!1i1024!2i768!4f13.1!3m3!1m2!1s0x12a49e95778d2625%3A0xedd6a7a0a8adb194!2sCEM+Sagnier!5e0!3m2!1ses!2ses!4v1504023629879\" width=\"1200\" height=\"720\" frameborder=\"0\" allowfullscreen=\"allowfullscreen\"><\/iframe><\/p><h4>Si vols ser un gladiador dels nostres o simplement provar amb el grup d&#8217;entrenament del triatl\u00f3 del Prat,<\/h4><h4>Vine amb nosaltres!!!<\/h4><p><span style=\"text-decoration: underline;\">Club Prat Triatl\u00f3<\/span><\/p><p><img loading=\"lazy\" src=\"http:\/\/prattriatlo.com\/wp-content\/uploads\/2017\/08\/close-envelope.png\" alt=\"\" width=\"20\" height=\"20\" \/>\u00a0\u00a0<a href=\"mailto:info@prattriatlo.com\">info@prattriatlo.com<\/a><\/p><p><img loading=\"lazy\" src=\"http:\/\/prattriatlo.com\/wp-content\/uploads\/2017\/08\/phone-receiver.png\" alt=\"\" width=\"20\" height=\"20\" \/>\u00a0 666 64 84 17 V\u00edctor Doba\u00f1o | President Club Prat Triatl\u00f3<\/p><p><span style=\"text-decoration-line: underline; font-size: 1.2em;\">Escola Prat Triatl\u00f3<\/span><\/p><p><img loading=\"lazy\" src=\"http:\/\/prattriatlo.com\/wp-content\/uploads\/2017\/08\/close-envelope.png\" alt=\"\" width=\"20\" height=\"20\" \/>\u00a0\u00a0<a href=\"mailto:escola@prattriatlo.com\">escola@prattriatlo.com<\/a><\/p><p><img loading=\"lazy\" src=\"http:\/\/prattriatlo.com\/wp-content\/uploads\/2017\/08\/phone-receiver.png\" alt=\"\" width=\"20\" height=\"20\" \/>\u00a0 637 96 41 88 Victor Aguilera | Coordinador Escola Club Prat Triatl\u00f3<\/p><\/div>\n\t\t\t\t<\/div>\n\t\t\t\t<\/div>\n\t\t\t\t\t\t<\/div>\n\t\t\t\t\t<\/div>\n\t\t<\/div>\n\t\t\t\t\t\t\t\t<\/div>\n\t\t\t\t\t<\/div>\n\t\t<\/section>\n\t\t\t\t\t\t<\/div>\n\t\t\t\t\t\t<\/div>\n\t\t\t\t\t<\/div>\n\t\t","protected":false},"excerpt":{"rendered":"<p>Si vols ser un gladiador dels nostres o simplement provar amb el grup d&#8217;entrenament del triatl\u00f3 del Prat, Vine amb nosaltres!!! Club Prat Triatl\u00f3 \u00a0\u00a0info@prattriatlo.com \u00a0 666 64 84 17 V\u00edctor Doba\u00f1o | President Club Prat Triatl\u00f3 Escola Prat Triatl\u00f3 \u00a0\u00a0escola@prattriatlo.com \u00a0 637 96 41 88 Victor Aguilera | Coordinador Escola Club Prat Triatl\u00f3<\/p>\n","protected":false},"author":1,"featured_media":0,"parent":0,"menu_order":0,"comment_status":"closed","ping_status":"closed","template":"","meta":[],"_links":{"self":[{"href":"https:\/\/inscripciones.prattriatlo.com\/index.php?rest_route=\/wp\/v2\/pages\/19"}],"collection":[{"href":"https:\/\/inscripciones.prattriatlo.com\/index.php?rest_route=\/wp\/v2\/pages"}],"about":[{"href":"https:\/\/inscripciones.prattriatlo.com\/index.php?rest_route=\/wp\/v2\/types\/page"}],"author":[{"embeddable":true,"href":"https:\/\/inscripciones.prattriatlo.com\/index.php?rest_route=\/wp\/v2\/users\/1"}],"replies":[{"embeddable":true,"href":"https:\/\/inscripciones.prattriatlo.com\/index.php?rest_route=%2Fwp%2Fv2%2Fcomments&post=19"}],"version-history":[{"count":20,"href":"https:\/\/inscripciones.prattriatlo.com\/index.php?rest_route=\/wp\/v2\/pages\/19\/revisions"}],"predecessor-version":[{"id":4076,"href":"https:\/\/inscripciones.prattriatlo.com\/index.php?rest_route=\/wp\/v2\/pages\/19\/revisions\/4076"}],"wp:attachment":[{"href":"https:\/\/inscripciones.prattriatlo.com\/index.php?rest_route=%2Fwp%2Fv2%2Fmedia&parent=19"}],"curies":[{"name":"wp","href":"https:\/\/api.w.org\/{rel}","templated":true}]}}