{"id":334,"date":"2017-08-30T11:22:32","date_gmt":"2017-08-30T11:22:32","guid":{"rendered":"http:\/\/prattriatlo.com\/?page_id=334"},"modified":"2017-11-04T16:35:10","modified_gmt":"2017-11-04T16:35:10","slug":"instalaciones","status":"publish","type":"page","link":"https:\/\/inscripciones.prattriatlo.com\/?page_id=334","title":{"rendered":"Instal\u00b7lacions"},"content":{"rendered":"<p><\/p>\n<h1 dir=\"ltr\" data-placeholder=\"Traducci\u00f3n\">CEM Sagnier<\/h1>\n<p id=\"tw-target-text\" class=\"tw-data-text tw-ta tw-text-small\" dir=\"ltr\" data-placeholder=\"Traducci\u00f3n\">\n<p align=\"justify\">Immers en el Complex Esportiu Municipal\u00a0Sagnier, el Prat\u00a0Triatl\u00f3, disposa d&#8217;acc\u00e9s diari a una piscina de competici\u00f3, aix\u00ed com acc\u00e9s a una pista d&#8217;atletisme amb circuit perimetral de terra de 500 metres exactes.<\/p>\n<\/p>\n<p><!--\n\n\n\n<p class=\"tw-data-text tw-ta tw-text-small\" dir=\"ltr\" data-placeholder=\"Traducci\u00f3n\">\n<img loading=\"lazy\" class=\"alignnone size-full wp-image-399\" src=\"http:\/\/prattriatlo.com\/wp-content\/uploads\/2017\/08\/piscina-pista.png\" alt=\"\" width=\"1200\" height=\"397\" srcset=\"https:\/\/inscripciones.prattriatlo.com\/wp-content\/uploads\/2017\/08\/piscina-pista.png 1200w, https:\/\/inscripciones.prattriatlo.com\/wp-content\/uploads\/2017\/08\/piscina-pista-300x99.png 300w, https:\/\/inscripciones.prattriatlo.com\/wp-content\/uploads\/2017\/08\/piscina-pista-768x254.png 768w, https:\/\/inscripciones.prattriatlo.com\/wp-content\/uploads\/2017\/08\/piscina-pista-1024x339.png 1024w\" sizes=\"(max-width: 1200px) 100vw, 1200px\" \/>\n\n--><\/p>\n<div class=\"thumbnail info-thumbnail background-clouds color-text\">\n<div class=\"service\"><\/div>\n<p><img class=\"round\" src=\"http:\/\/prattriatlo.com\/wp-content\/uploads\/2017\/08\/piscina-pista.png\" alt=\"...\" \/><\/p>\n<\/div>\n<h1>Entrenaments\u00a0piscina coberta i carrera a peu<\/h1>\n<p><iframe style=\"border: 0;\" src=\"https:\/\/www.google.com\/maps\/embed?pb=!1m14!1m8!1m3!1d11985.618316077618!2d2.083034!3d41.321815!3m2!1i1024!2i768!4f13.1!3m3!1m2!1s0x0%3A0xedd6a7a0a8adb194!2sCEM+Sagnier!5e0!3m2!1ses!2ses!4v1504092576439\" width=\"1200\" height=\"300\" frameborder=\"0\" allowfullscreen=\"allowfullscreen\"><\/iframe><\/p>\n<h1>Entrenaments aig\u00fces obertes<\/h1>\n<p><iframe style=\"border: 0;\" src=\"https:\/\/www.google.com\/maps\/embed?pb=!1m18!1m12!1m3!1d11991.852301730756!2d2.096890467599856!3d41.287908079273315!2m3!1f0!2f0!3f0!3m2!1i1024!2i768!4f13.1!3m3!1m2!1s0x12a49e4c93ba7251%3A0xb675885a0e97783d!2sCentre+municipal+de+Vela!5e0!3m2!1ses!2ses!4v1504110929587\" width=\"1200\" height=\"300\" frameborder=\"0\" allowfullscreen=\"allowfullscreen\"><\/iframe><\/p>","protected":false},"excerpt":{"rendered":"<p>CEM Sagnier Immers en el Complex Esportiu Municipal\u00a0Sagnier, el Prat\u00a0Triatl\u00f3, disposa d&#8217;acc\u00e9s diari a una piscina de competici\u00f3, aix\u00ed com acc\u00e9s a una pista d&#8217;atletisme amb circuit perimetral de terra de 500 metres exactes. Entrenaments\u00a0piscina coberta i carrera a peu Entrenaments aig\u00fces obertes<\/p>\n","protected":false},"author":1,"featured_media":0,"parent":0,"menu_order":0,"comment_status":"closed","ping_status":"closed","template":"","meta":[],"_links":{"self":[{"href":"https:\/\/inscripciones.prattriatlo.com\/index.php?rest_route=\/wp\/v2\/pages\/334"}],"collection":[{"href":"https:\/\/inscripciones.prattriatlo.com\/index.php?rest_route=\/wp\/v2\/pages"}],"about":[{"href":"https:\/\/inscripciones.prattriatlo.com\/index.php?rest_route=\/wp\/v2\/types\/page"}],"author":[{"embeddable":true,"href":"https:\/\/inscripciones.prattriatlo.com\/index.php?rest_route=\/wp\/v2\/users\/1"}],"replies":[{"embeddable":true,"href":"https:\/\/inscripciones.prattriatlo.com\/index.php?rest_route=%2Fwp%2Fv2%2Fcomments&post=334"}],"version-history":[{"count":25,"href":"https:\/\/inscripciones.prattriatlo.com\/index.php?rest_route=\/wp\/v2\/pages\/334\/revisions"}],"predecessor-version":[{"id":1410,"href":"https:\/\/inscripciones.prattriatlo.com\/index.php?rest_route=\/wp\/v2\/pages\/334\/revisions\/1410"}],"wp:attachment":[{"href":"https:\/\/inscripciones.prattriatlo.com\/index.php?rest_route=%2Fwp%2Fv2%2Fmedia&parent=334"}],"curies":[{"name":"wp","href":"https:\/\/api.w.org\/{rel}","templated":true}]}}