{"id":3633,"date":"2019-10-03T19:27:01","date_gmt":"2019-10-03T19:27:01","guid":{"rendered":"http:\/\/prattriatlo.com\/?page_id=3633"},"modified":"2019-10-05T08:41:03","modified_gmt":"2019-10-05T08:41:03","slug":"politica-de-cookies","status":"publish","type":"page","link":"https:\/\/inscripciones.prattriatlo.com\/?page_id=3633","title":{"rendered":"Pol\u00edtica de Cookies"},"content":{"rendered":"<p>En compliment amb el que disposa l&#8217;article 22.2 de la Llei 34\/2002, de 11 de juliol, de Serveis de la Societat de la Informaci\u00f3 i de Comer\u00e7 Electr\u00f2nic, el Titular t&#8217;informa que aquest lloc web utilitza cookies, aix\u00ed com sobre la seva pol\u00edtica de recollida i el tractament que fa de les mateixes.<\/p>\n<h2>Qu\u00e8 s\u00f3n les cookies<\/h2>\n<p>Una cookie \u00e9s un fitxer que es descarrega al teu ordinador en entrar a determinades p\u00e0gines web. Les cookies permeten a una p\u00e0gina web, entre altres coses, emmagatzemar i recuperar informaci\u00f3 sobre els teus h\u00e0bits de navegaci\u00f3 i -depenent de la informaci\u00f3 que continguin i de la forma en qu\u00e8 utilitzis el teu equip- poden utilitzar-se per identificar-te.<\/p>\n<h2>Tipus de cookies utilitzades<\/h2>\n<p>El lloc Web\u00a0<a href=\"http:\/\/prattriatlo.com\/\">http:\/\/prattriatlo.com<\/a> utilitza els seg\u00fcents tipus de cookies:<\/p>\n<ul>\n<li><strong>Cookies t\u00e8cniques:<\/strong> S\u00f3n aquelles tractades pel lloc web que permeten als usuaris registrats navegar a trav\u00e9s de l&#8217;\u00e0rea restringida i a utilitzar les seves diferents funcions, com per exemple, dur a terme el proc\u00e9s de compra d&#8217;un Producte o Servei.<br \/>\nAlgunes cookies s\u00f3n essencials per al funcionament del lloc web, per exemple, el sistema de comentaris o el cercador.<\/li>\n<li><b>Cookies de personalizaci\u00f3:<\/b> S\u00f3n aquelles que permeten als usuaris accedir al servei amb algunes caracter\u00edstiques de car\u00e0cter general predefinides en funci\u00f3 d&#8217;una s\u00e8rie de criteris establerts per l&#8217;usuari com, per exemple, l&#8217;idioma o el tipus de navegador mitjan\u00e7ant el qual es connecta a aquest lloc web .<\/li>\n<\/ul>\n<h2>Desactivar les cookies<\/h2>\n<p>Pots acceptar, bloquejar o eliminar les cookies instal\u00b7lades en el teu equip mitjan\u00e7ant la configuraci\u00f3 de les opcions del navegador.<\/p>\n<p>En els seg\u00fcents enlla\u00e7os trobar\u00e0s instruccions per habilitar o desactivar les cookies en els navegadors m\u00e9s comuns.<\/p>\n<ul>\n<li><b>Firefox<\/b>\u00a0<a href=\"http:\/\/support.mozilla.org\/es\/kb\/habilitar-y-deshabilitar-cookies-que-los-sitios-we\" rel=\"nofollow\">http:\/\/support.mozilla.org\/es\/kb\/habilitar-y-deshabilitar-cookies-que-los-sitios-we<\/a><\/li>\n<li><b>Safari<\/b>\u00a0<a href=\"http:\/\/support.apple.com\/kb\/HT1677?viewlocale=es_ES\" rel=\"nofollow\">http:\/\/support.apple.com\/kb\/HT1677?viewlocale=es_ES<\/a><\/li>\n<li><b>Google Chrome<\/b>\u00a0<a href=\"https:\/\/support.google.com\/chrome\/answer\/95647?hl=es\" rel=\"nofollow\">https:\/\/support.google.com\/chrome\/answer\/95647?hl=es<\/a><\/li>\n<\/ul>\n<h2>Cookies de tercers<\/h2>\n<h2>Notes sobre eliminar cookies<\/h2>\n<p>Pots eliminar i bloquejar les cookies d&#8217;aquest lloc web, per\u00f2 part del lloc no funcionar\u00e0 correctament o la seva qualitat es pot veure afectada.<\/p>\n<h2>Contacte<\/h2>\n<p>En cas que tinguis qualsevol dubte sobre aquesta Pol\u00edtica de Cookies o vulguis realitzar qualsevol comentari sobre aquest lloc web, pots enviar un missatge de correu electr\u00f2nic a l&#8217;adre\u00e7a info@prattriatlo.com.<\/p>","protected":false},"excerpt":{"rendered":"<p>En compliment amb el que disposa l&#8217;article 22.2 de la Llei 34\/2002, de 11 de juliol, de Serveis de la Societat de la Informaci\u00f3 i de Comer\u00e7 Electr\u00f2nic, el Titular t&#8217;informa que aquest lloc web utilitza cookies, aix\u00ed com sobre la seva pol\u00edtica de recollida i el tractament que fa de les mateixes. Qu\u00e8 s\u00f3n [&hellip;]<\/p>\n","protected":false},"author":8,"featured_media":0,"parent":0,"menu_order":0,"comment_status":"closed","ping_status":"closed","template":"","meta":[],"_links":{"self":[{"href":"https:\/\/inscripciones.prattriatlo.com\/index.php?rest_route=\/wp\/v2\/pages\/3633"}],"collection":[{"href":"https:\/\/inscripciones.prattriatlo.com\/index.php?rest_route=\/wp\/v2\/pages"}],"about":[{"href":"https:\/\/inscripciones.prattriatlo.com\/index.php?rest_route=\/wp\/v2\/types\/page"}],"author":[{"embeddable":true,"href":"https:\/\/inscripciones.prattriatlo.com\/index.php?rest_route=\/wp\/v2\/users\/8"}],"replies":[{"embeddable":true,"href":"https:\/\/inscripciones.prattriatlo.com\/index.php?rest_route=%2Fwp%2Fv2%2Fcomments&post=3633"}],"version-history":[{"count":5,"href":"https:\/\/inscripciones.prattriatlo.com\/index.php?rest_route=\/wp\/v2\/pages\/3633\/revisions"}],"predecessor-version":[{"id":3644,"href":"https:\/\/inscripciones.prattriatlo.com\/index.php?rest_route=\/wp\/v2\/pages\/3633\/revisions\/3644"}],"wp:attachment":[{"href":"https:\/\/inscripciones.prattriatlo.com\/index.php?rest_route=%2Fwp%2Fv2%2Fmedia&parent=3633"}],"curies":[{"name":"wp","href":"https:\/\/api.w.org\/{rel}","templated":true}]}}