{"id":373,"date":"2017-08-30T15:33:14","date_gmt":"2017-08-30T15:33:14","guid":{"rendered":"http:\/\/prattriatlo.com\/?page_id=373"},"modified":"2022-05-22T06:58:04","modified_gmt":"2022-05-22T06:58:04","slug":"patrocinadores","status":"publish","type":"page","link":"https:\/\/inscripciones.prattriatlo.com\/?page_id=373","title":{"rendered":"Sponsors"},"content":{"rendered":"<p><\/p>\n<div class=\"row\">\n<div class=\"col-sm-12 col-md-12\">\n<div class=\"info-thumbnail-link\">\n<div class=\"thumbnail info-thumbnail background-clouds color-text\">\n<h3 style=\"text-align: center;\"><a href=\"http:\/\/prattriatlo.com\/wp-content\/uploads\/2017\/12\/Dossier-Prat-Triatl\u00f3-cat.pdf\" target=\"_blank\" rel=\"noopener noreferrer\">Dossier de Patrocinis<\/a><\/h3>\n<\/div>\n<div class=\"pricing-head bordered\"><\/div>\n<\/div>\n<\/div>\n<div class=\"row\">\n<div class=\"col-sm-6 col-md-6\">\n<p align=\"justify\"><strong>Cyclist Lab: <\/strong>A Cyclist\u00a0Lab\u00a0entenem el nostre treball com un <strong>\u201cArt\u201d<\/strong> sostingut per s\u00f2lids coneixements cient\u00edfics. Llegim les caracter\u00edstiques del ciclista,\u00a0per interpretar\u00a0i compensar de manera sensible les necessitats biomec\u00e0niques sobre la bicicleta. Sabedors que l&#8217;\u00fanica soluci\u00f3 biomec\u00e0nica encertada \u00e9s aquella que el ciclista validi, utilitzem la\u00a0tecnologia\u00a0com un suport al criteri\u00a0biomec\u00e1nic per trobar solucions personalitzades, sempre centrades en la comunicaci\u00f3 amb el ciclista. <a href=\"http:\/\/cyclistlab.com\/\" target=\"_blank\" rel=\"noopener noreferrer\">www.cyclistlab.com<\/a><\/p>\n<\/div>\n<div class=\"col-sm-6 col-md-6\"><a href=\"http:\/\/prattriatlo.com\/wp-content\/uploads\/2017\/11\/cyclist-lab.png\"><img loading=\"lazy\" class=\"alignnone size-full wp-image-1423\" src=\"http:\/\/prattriatlo.com\/wp-content\/uploads\/2017\/11\/cyclist-lab.png\" alt=\"\" width=\"560\" height=\"315\" srcset=\"https:\/\/inscripciones.prattriatlo.com\/wp-content\/uploads\/2017\/11\/cyclist-lab.png 560w, https:\/\/inscripciones.prattriatlo.com\/wp-content\/uploads\/2017\/11\/cyclist-lab-300x169.png 300w, https:\/\/inscripciones.prattriatlo.com\/wp-content\/uploads\/2017\/11\/cyclist-lab-528x297.png 528w\" sizes=\"(max-width: 560px) 100vw, 560px\" \/><\/a><\/div>\n<\/div>\n<div class=\"row\">\n<div class=\"col-sm-6 col-md-6\">\n<p align=\"justify\"><strong>Austral:\u00a0<\/strong>Austral porta des de 1976 &#8220;suant la samarreta&#8221; per tal d&#8217;oferir als seus clients els millors productes. El valor diferencial d&#8217;Austral radica en la seva forma de treballar, bra\u00e7 a bra\u00e7 amb el client, amb l&#8217;objectiu d&#8217;oferir roba esportiva totalment personalitzada que aporta valor a cada col\u00b7lectiu, adaptant-se a les seves necessitats i fent-li part\u00edcip de les millores que com a empresa va introduint gracies al seu programa de I+D+I. Tota la producci\u00f3 est\u00e0 \u00edntegrament fabricada en l&#8217;\u00e0mbit local, on actualment cap altre companyia dedicada al sector t\u00e8xtil esportiu i escolar, compta amb l&#8217;experi\u00e8ncia, infraestructura i mitjans t\u00e8cnics que posseeix Austral a l&#8217;actualitat. El segell de qualitat que avala totes les seves peces de roba converteix a l&#8217;empresa en una marca de prestigi i notorietat<strong>.<\/strong>\u00a0<a href=\"http:\/\/austral.es\/\" target=\"_blank\" rel=\"noopener noreferrer\">http:\/\/austral.es\/<\/a><\/p>\n<\/div>\n<div class=\"col-sm-6 col-md-6\"><img loading=\"lazy\" class=\"wp-image-4025 size-full alignnone\" src=\"http:\/\/prattriatlo.com\/wp-content\/uploads\/2020\/02\/austral.jpg\" alt=\"\" width=\"360\" height=\"360\" srcset=\"https:\/\/inscripciones.prattriatlo.com\/wp-content\/uploads\/2020\/02\/austral.jpg 360w, https:\/\/inscripciones.prattriatlo.com\/wp-content\/uploads\/2020\/02\/austral-150x150.jpg 150w, https:\/\/inscripciones.prattriatlo.com\/wp-content\/uploads\/2020\/02\/austral-300x300.jpg 300w, https:\/\/inscripciones.prattriatlo.com\/wp-content\/uploads\/2020\/02\/austral-100x100.jpg 100w\" sizes=\"(max-width: 360px) 100vw, 360px\" \/><\/div>\n<\/div>\n<div><\/div>\n<div class=\"row\">\n<div class=\"row\">\n<div class=\"col-sm-6 col-md-6\"><strong>Eventos y Deporte: <\/strong>Organitzador de diverses carreres entre les quals destaquen la Marat\u00f3 de Muntanya de Viladecans, la Mitja Marat\u00f3 de Viladecans, la 5\u00a0Desert Marathon\u00a0i la Marruecos on\u00a0bike, entre d&#8217;altres.<br \/>\n<a href=\"http:\/\/www.eventosydeporte.es\" target=\"_blank\" rel=\"noopener noreferrer\">www.eventosydeporte.es<\/a><\/div>\n<div><a href=\"http:\/\/prattriatlo.com\/wp-content\/uploads\/2017\/08\/valbuena.png\"><img loading=\"lazy\" class=\"alignnone size-full wp-image-1219\" src=\"http:\/\/prattriatlo.com\/wp-content\/uploads\/2017\/08\/valbuena.png\" alt=\"\" width=\"560\" height=\"315\" srcset=\"https:\/\/inscripciones.prattriatlo.com\/wp-content\/uploads\/2017\/08\/valbuena.png 560w, https:\/\/inscripciones.prattriatlo.com\/wp-content\/uploads\/2017\/08\/valbuena-300x169.png 300w, https:\/\/inscripciones.prattriatlo.com\/wp-content\/uploads\/2017\/08\/valbuena-528x297.png 528w\" sizes=\"(max-width: 560px) 100vw, 560px\" \/><\/a><\/div>\n<div class=\"row\">\n<div><\/div>\n<div class=\"row\">\n<div class=\"col-sm-6 col-md-6\">\n<p align=\"justify\"><strong>Aquaman Triatl\u00f3n:\u00a0<\/strong>Aquaman\u00a0es compromet a crear els vestits de neopr\u00e8 de triatl\u00f3 m\u00e9s excel\u00b7lents del m\u00f3n.\u00a0Aquaman\u00a0incorpora la tecnologia m\u00e9s avan\u00e7ada, materials de la m\u00e9s alta qualitat, idees revolucion\u00e0ries, proves rigoroses i dissenys que milloren cont\u00ednuament per fabricar vestits de triatl\u00f3\u00a0premium\u00a0que s\u00f3n els m\u00e9s c\u00f2modes, millor ajustats, menys restrictius i no\u00a0fatigantes\u00a0del mercat.<br \/>\n<a href=\"http:\/\/aquamantri.com\/\" target=\"_blank\" rel=\"noopener noreferrer\">www.aquamantri.com<\/a><\/p>\n<p align=\"justify\">\n<\/div>\n<div><a href=\"http:\/\/prattriatlo.com\/wp-content\/uploads\/2017\/08\/aquaman.png\"><img loading=\"lazy\" class=\"alignnone size-full wp-image-1217\" src=\"http:\/\/prattriatlo.com\/wp-content\/uploads\/2017\/08\/aquaman.png\" alt=\"\" width=\"560\" height=\"315\" srcset=\"https:\/\/inscripciones.prattriatlo.com\/wp-content\/uploads\/2017\/08\/aquaman.png 560w, https:\/\/inscripciones.prattriatlo.com\/wp-content\/uploads\/2017\/08\/aquaman-300x169.png 300w, https:\/\/inscripciones.prattriatlo.com\/wp-content\/uploads\/2017\/08\/aquaman-528x297.png 528w\" sizes=\"(max-width: 560px) 100vw, 560px\" \/><\/a><\/div>\n<div class=\"col-sm-6 col-md-6\">\n<p align=\"justify\"><img loading=\"lazy\" class=\"aligncenter size-full wp-image-4187\" src=\"http:\/\/prattriatlo.com\/wp-content\/uploads\/2021\/01\/Aquaman-1.jpg\" alt=\"\" width=\"500\" height=\"66\" srcset=\"https:\/\/inscripciones.prattriatlo.com\/wp-content\/uploads\/2021\/01\/Aquaman-1.jpg 500w, https:\/\/inscripciones.prattriatlo.com\/wp-content\/uploads\/2021\/01\/Aquaman-1-300x40.jpg 300w\" sizes=\"(max-width: 500px) 100vw, 500px\" \/><\/p>\n<p align=\"justify\">\n<p align=\"justify\"><strong>Zona Bicis:\u00a0<\/strong>Zona Bicis ofereix un servei de taller especialitzat on reparar la teva bicicleta actual o muntar els components i accessoris de qu\u00e8 disposem a la botiga o en cat\u00e0leg. Tamb\u00e9 realitzen les actualitzacions del software dels grups electr\u00f2nics de Shimano. Si ho prefereixes, et fan un muntatge personalitzat amb el quadre, el grup i els accessoris que m\u00e9s s&#8217;adaptin al teu gust o a les teves necessitats.<br \/>\n<a href=\"http:\/\/www.zonabicis.com\/\" target=\"_blank\" rel=\"noopener noreferrer\">www.zonabicis.com<\/a><\/p>\n<\/div>\n<div><a href=\"http:\/\/prattriatlo.com\/wp-content\/uploads\/2017\/08\/zona-bicis.png\"><img loading=\"lazy\" class=\"alignnone size-full wp-image-1216\" src=\"http:\/\/prattriatlo.com\/wp-content\/uploads\/2017\/08\/zona-bicis.png\" alt=\"\" width=\"560\" height=\"315\" srcset=\"https:\/\/inscripciones.prattriatlo.com\/wp-content\/uploads\/2017\/08\/zona-bicis.png 560w, https:\/\/inscripciones.prattriatlo.com\/wp-content\/uploads\/2017\/08\/zona-bicis-300x169.png 300w, https:\/\/inscripciones.prattriatlo.com\/wp-content\/uploads\/2017\/08\/zona-bicis-528x297.png 528w\" sizes=\"(max-width: 560px) 100vw, 560px\" \/><\/a><\/div>\n<\/div>\n<div class=\"row\"><\/div>\n<div class=\"row\"><\/div>\n<div class=\"row\">\n<div class=\"col-sm-6 col-md-6\">\n<p align=\"justify\"><strong>Kids &amp; Us:\u00a0<\/strong>Kids &amp; Us\u00a0utilitza una metodologia d&#8217;aprenentatge basada en el proc\u00e9s natural d&#8217;adquisici\u00f3 de la llengua materna, un proc\u00e9s\u00a0infalible\u00a0que t\u00e9 lloc en un ordre determinat, natural i espontani. En\u00a0Kids &amp; Us\u00a0volen aprofitar i optimitzar tots aquests mecanismes que s&#8217;activen en els primers anys de vida per posar-los al servei de l&#8217;aprenentatge d&#8217;una segona o tercera llengua.<br \/>\n<a href=\"https:\/\/www.kidsandus.es\/es\/\" target=\"_blank\" rel=\"noopener noreferrer\">www.kidsandus.es<\/a><\/p>\n<\/div>\n<div><a href=\"http:\/\/prattriatlo.com\/wp-content\/uploads\/2017\/08\/kidsus.png\"><img loading=\"lazy\" class=\"alignnone size-full wp-image-1249\" src=\"http:\/\/prattriatlo.com\/wp-content\/uploads\/2017\/08\/kidsus.png\" alt=\"\" width=\"560\" height=\"315\" srcset=\"https:\/\/inscripciones.prattriatlo.com\/wp-content\/uploads\/2017\/08\/kidsus.png 560w, https:\/\/inscripciones.prattriatlo.com\/wp-content\/uploads\/2017\/08\/kidsus-300x169.png 300w, https:\/\/inscripciones.prattriatlo.com\/wp-content\/uploads\/2017\/08\/kidsus-528x297.png 528w\" sizes=\"(max-width: 560px) 100vw, 560px\" \/><\/a><\/div>\n<div><\/div>\n<\/div>\n<div class=\"row\">\n<div class=\"col-sm-6 col-md-6\">\n<p align=\"justify\"><strong>Hotel Sall\u00e9s Ciutat del Prat:<\/strong> L&#8217;Hotel Sall\u00e9s Ciutat del Prat \u00e9s un establiment de 4 estels situat al Prat de Llobregat a tan sols 1,5 km de l&#8217;Aeroport, a 7 km del nou recinte firal de Barcelona i a 15 minuts del centre de Barcelona.<br \/>\n<a href=\"http:\/\/www.hotelciutatdelprat.com\/\" target=\"_blank\" rel=\"noopener noreferrer\">www.hotelciutatdelprat.com<\/a><\/p>\n<\/div>\n<div><a href=\"http:\/\/prattriatlo.com\/wp-content\/uploads\/2018\/04\/SALLES_CIUTAT_DEL_PRAT_vertical_trans.png\"><img loading=\"lazy\" class=\"alignnone wp-image-2663\" src=\"http:\/\/prattriatlo.com\/wp-content\/uploads\/2018\/04\/SALLES_CIUTAT_DEL_PRAT_vertical_trans.png\" alt=\"\" width=\"350\" height=\"248\" \/><\/a><\/div>\n<div><\/div>\n<\/div>\n<div class=\"row\">\n<div class=\"col-sm-6 col-md-6\">\n<p align=\"justify\"><strong>Delta Fisioterapia:<\/strong> Centre de fisioter\u00e0pia el qual donar\u00e0 soport durant aquesta temporada\u00a0 a l&#8217;equip, en tots els tractaments que els\u00a0Gladiadores\u00a0del Prat\u00a0Triatl\u00f3 necessitem, ja sigui rehabilitaci\u00f3, prevenci\u00f3 de lesions, massatges i molt altres serveis.<br \/>\n<a href=\"https:\/\/www.facebook.com\/deltafisioterapia2017\/\" target=\"_blank\" rel=\"noopener noreferrer\">www.facebook.com\/deltafisioterapia2017<\/a><\/p>\n<\/div>\n<div><a href=\"http:\/\/prattriatlo.com\/wp-content\/uploads\/2017\/08\/Logo-delta-fisioterpia.png\"><img loading=\"lazy\" class=\"alignnone wp-image-1415\" src=\"http:\/\/prattriatlo.com\/wp-content\/uploads\/2017\/08\/Logo-delta-fisioterpia.png\" alt=\"\" width=\"489\" height=\"272\" srcset=\"https:\/\/inscripciones.prattriatlo.com\/wp-content\/uploads\/2017\/08\/Logo-delta-fisioterpia.png 493w, https:\/\/inscripciones.prattriatlo.com\/wp-content\/uploads\/2017\/08\/Logo-delta-fisioterpia-300x167.png 300w\" sizes=\"(max-width: 489px) 100vw, 489px\" \/><\/a><\/div>\n<\/div>\n<div class=\"row\">\n<div class=\"col-sm-6 col-md-6\">\n<p align=\"justify\"><strong>Viseo:<\/strong>\u00a0Caprabo continua apostant per la pr\u00e0ctica de l\u2019esport i per ajudar econ\u00f2micament als clubs esportius. Per tant Caprabo es compromet a donar a partir del 4% del que els components de l\u2019equip comprin a les nostres botigues o internet.<br \/>\n<a href=\"https:\/\/www.capraboacasa.com\/portal\/es\" target=\"_blank\" rel=\"noopener noreferrer\">https:\/\/www.capraboacasa.com\/<\/a><\/p>\n<\/div>\n<div><a href=\"http:\/\/prattriatlo.com\/wp-content\/uploads\/2017\/08\/caprabo-e1511949982965.jpg\"><img loading=\"lazy\" class=\"alignnone size-full wp-image-1438\" src=\"http:\/\/prattriatlo.com\/wp-content\/uploads\/2017\/08\/caprabo-e1511949982965.jpg\" alt=\"\" width=\"560\" height=\"284\" \/><\/a><\/div>\n<div>\n<div class=\"row\">\n<div class=\"col-sm-6 col-md-6\">\n<p align=\"justify\"><strong>Viseo:<\/strong>\u00a0We are digital makers. Optimizar el presente, inventar el futuro. Usamos la tecnolog\u00eda como una gran herramienta de transformaci\u00f3n e innovaci\u00f3n para hacer m\u00e1s productivo tu negocio.<br \/>\n<a href=\"https:\/\/www.viseo.com\" target=\"_blank\" rel=\"noopener noreferrer\">https:\/\/www.viseo.com<\/a><\/p>\n<\/div>\n<div class=\"col-sm-6 col-md-6\" style=\"text-align: center;\"><a href=\"http:\/\/prattriatlo.com\/wp-content\/uploads\/2019\/03\/LOGO_VISEO_PRINT_CMJN.png\"><img class=\"alignnone size-full wp-image-1438\" src=\"http:\/\/prattriatlo.com\/wp-content\/uploads\/2019\/03\/LOGO_VISEO_PRINT_CMJN.png\" \/><\/a><\/div>\n<div><\/div>\n<\/div>\n<\/div>\n<\/div>\n<\/div>\n<\/div>\n<\/div>\n<p><\/p>\n<\/div>\n<\/div>\n<\/div>","protected":false},"excerpt":{"rendered":"<p>Dossier de Patrocinis Cyclist Lab: A Cyclist\u00a0Lab\u00a0entenem el nostre treball com un \u201cArt\u201d sostingut per s\u00f2lids coneixements cient\u00edfics. Llegim les caracter\u00edstiques del ciclista,\u00a0per interpretar\u00a0i compensar de manera sensible les necessitats biomec\u00e0niques sobre la bicicleta. Sabedors que l&#8217;\u00fanica soluci\u00f3 biomec\u00e0nica encertada \u00e9s aquella que el ciclista validi, utilitzem la\u00a0tecnologia\u00a0com un suport al criteri\u00a0biomec\u00e1nic per trobar solucions [&hellip;]<\/p>\n","protected":false},"author":1,"featured_media":0,"parent":0,"menu_order":0,"comment_status":"closed","ping_status":"closed","template":"","meta":[],"_links":{"self":[{"href":"https:\/\/inscripciones.prattriatlo.com\/index.php?rest_route=\/wp\/v2\/pages\/373"}],"collection":[{"href":"https:\/\/inscripciones.prattriatlo.com\/index.php?rest_route=\/wp\/v2\/pages"}],"about":[{"href":"https:\/\/inscripciones.prattriatlo.com\/index.php?rest_route=\/wp\/v2\/types\/page"}],"author":[{"embeddable":true,"href":"https:\/\/inscripciones.prattriatlo.com\/index.php?rest_route=\/wp\/v2\/users\/1"}],"replies":[{"embeddable":true,"href":"https:\/\/inscripciones.prattriatlo.com\/index.php?rest_route=%2Fwp%2Fv2%2Fcomments&post=373"}],"version-history":[{"count":138,"href":"https:\/\/inscripciones.prattriatlo.com\/index.php?rest_route=\/wp\/v2\/pages\/373\/revisions"}],"predecessor-version":[{"id":5442,"href":"https:\/\/inscripciones.prattriatlo.com\/index.php?rest_route=\/wp\/v2\/pages\/373\/revisions\/5442"}],"wp:attachment":[{"href":"https:\/\/inscripciones.prattriatlo.com\/index.php?rest_route=%2Fwp%2Fv2%2Fmedia&parent=373"}],"curies":[{"name":"wp","href":"https:\/\/api.w.org\/{rel}","templated":true}]}}