{"id":697,"date":"2017-09-25T11:44:19","date_gmt":"2017-09-25T11:44:19","guid":{"rendered":"http:\/\/prattriatlo.com\/?page_id=697"},"modified":"2024-09-12T20:35:24","modified_gmt":"2024-09-12T20:35:24","slug":"horarios","status":"publish","type":"page","link":"https:\/\/inscripciones.prattriatlo.com\/?page_id=697","title":{"rendered":"Horaris"},"content":{"rendered":"\t\t<div data-elementor-type=\"wp-page\" data-elementor-id=\"697\" class=\"elementor elementor-697\" data-elementor-settings=\"[]\">\n\t\t\t\t\t\t<div class=\"elementor-inner\">\n\t\t\t\t\t\t\t<div class=\"elementor-section-wrap\">\n\t\t\t\t\t\t\t<section class=\"elementor-section elementor-top-section elementor-element elementor-element-38de58a7 elementor-section-boxed elementor-section-height-default elementor-section-height-default\" data-id=\"38de58a7\" data-element_type=\"section\">\n\t\t\t\t\t\t<div class=\"elementor-container elementor-column-gap-default\">\n\t\t\t\t\t\t\t<div class=\"elementor-row\">\n\t\t\t\t\t<div class=\"elementor-column elementor-col-100 elementor-top-column elementor-element elementor-element-2487a03b\" data-id=\"2487a03b\" data-element_type=\"column\">\n\t\t\t<div class=\"elementor-column-wrap elementor-element-populated\">\n\t\t\t\t\t\t\t<div class=\"elementor-widget-wrap\">\n\t\t\t\t\t\t<div class=\"elementor-element elementor-element-6c08c4b4 elementor-widget elementor-widget-text-editor\" data-id=\"6c08c4b4\" data-element_type=\"widget\" data-widget_type=\"text-editor.default\">\n\t\t\t\t<div class=\"elementor-widget-container\">\n\t\t\t\t\t<div class=\"elementor-text-editor elementor-clearfix\">\n<h1>Horaris d&#8217;entrenaments dirigits Club Prat Triatl\u00f3<\/h1>\n<img loading=\"lazy\" class=\"alignnone wp-image-6667 size-full\" src=\"https:\/\/prattriatlo.com\/wp-content\/uploads\/2024\/09\/Horaris-Prat-Triatlo\u0301-20242025.png\" alt=\"\" width=\"1529\" height=\"1085\" \/>\n<h1>Horaris d&#8217;acc\u00e9s al CEM Sagnier per socis del Prat Triatl\u00f3<\/h1>\n<img loading=\"lazy\" class=\"aligncenter wp-image-4159 size-full\" src=\"http:\/\/prattriatlo.com\/wp-content\/uploads\/2020\/12\/carteles_prattriatlo_12_20202_CAT_2.jpg\" alt=\"\" width=\"1789\" height=\"1276\" srcset=\"https:\/\/inscripciones.prattriatlo.com\/wp-content\/uploads\/2020\/12\/carteles_prattriatlo_12_20202_CAT_2.jpg 1789w, https:\/\/inscripciones.prattriatlo.com\/wp-content\/uploads\/2020\/12\/carteles_prattriatlo_12_20202_CAT_2-300x214.jpg 300w, https:\/\/inscripciones.prattriatlo.com\/wp-content\/uploads\/2020\/12\/carteles_prattriatlo_12_20202_CAT_2-1024x730.jpg 1024w, https:\/\/inscripciones.prattriatlo.com\/wp-content\/uploads\/2020\/12\/carteles_prattriatlo_12_20202_CAT_2-768x548.jpg 768w, https:\/\/inscripciones.prattriatlo.com\/wp-content\/uploads\/2020\/12\/carteles_prattriatlo_12_20202_CAT_2-1536x1096.jpg 1536w, https:\/\/inscripciones.prattriatlo.com\/wp-content\/uploads\/2020\/12\/carteles_prattriatlo_12_20202_CAT_2-600x428.jpg 600w\" sizes=\"(max-width: 1789px) 100vw, 1789px\" \/>\n\n<img loading=\"lazy\" class=\"aligncenter wp-image-4153 size-full\" src=\"http:\/\/prattriatlo.com\/wp-content\/uploads\/2020\/12\/carteles_prattriatlo_12_20202_CAT_2_baixa.jpg\" alt=\"\" width=\"600\" height=\"428\" \/><\/div>\n\t\t\t\t<\/div>\n\t\t\t\t<\/div>\n\t\t\t\t\t\t<\/div>\n\t\t\t\t\t<\/div>\n\t\t<\/div>\n\t\t\t\t\t\t\t\t<\/div>\n\t\t\t\t\t<\/div>\n\t\t<\/section>\n\t\t\t\t\t\t<\/div>\n\t\t\t\t\t\t<\/div>\n\t\t\t\t\t<\/div>\n\t\t","protected":false},"excerpt":{"rendered":"<p>Horaris d&#8217;entrenaments dirigits Club Prat Triatl\u00f3 Horaris d&#8217;acc\u00e9s al CEM Sagnier per socis del Prat Triatl\u00f3<\/p>\n","protected":false},"author":1,"featured_media":0,"parent":0,"menu_order":0,"comment_status":"closed","ping_status":"closed","template":"","meta":[],"_links":{"self":[{"href":"https:\/\/inscripciones.prattriatlo.com\/index.php?rest_route=\/wp\/v2\/pages\/697"}],"collection":[{"href":"https:\/\/inscripciones.prattriatlo.com\/index.php?rest_route=\/wp\/v2\/pages"}],"about":[{"href":"https:\/\/inscripciones.prattriatlo.com\/index.php?rest_route=\/wp\/v2\/types\/page"}],"author":[{"embeddable":true,"href":"https:\/\/inscripciones.prattriatlo.com\/index.php?rest_route=\/wp\/v2\/users\/1"}],"replies":[{"embeddable":true,"href":"https:\/\/inscripciones.prattriatlo.com\/index.php?rest_route=%2Fwp%2Fv2%2Fcomments&post=697"}],"version-history":[{"count":65,"href":"https:\/\/inscripciones.prattriatlo.com\/index.php?rest_route=\/wp\/v2\/pages\/697\/revisions"}],"predecessor-version":[{"id":7336,"href":"https:\/\/inscripciones.prattriatlo.com\/index.php?rest_route=\/wp\/v2\/pages\/697\/revisions\/7336"}],"wp:attachment":[{"href":"https:\/\/inscripciones.prattriatlo.com\/index.php?rest_route=%2Fwp%2Fv2%2Fmedia&parent=697"}],"curies":[{"name":"wp","href":"https:\/\/api.w.org\/{rel}","templated":true}]}}