{"id":723,"date":"2017-09-25T12:26:34","date_gmt":"2017-09-25T12:26:34","guid":{"rendered":"http:\/\/prattriatlo.com\/?page_id=723"},"modified":"2023-12-18T20:18:11","modified_gmt":"2023-12-18T20:18:11","slug":"instalaciones-escuela","status":"publish","type":"page","link":"https:\/\/inscripciones.prattriatlo.com\/?page_id=723","title":{"rendered":"Instal\u00b7lacions"},"content":{"rendered":"\t\t<div data-elementor-type=\"wp-page\" data-elementor-id=\"723\" class=\"elementor elementor-723\" data-elementor-settings=\"[]\">\n\t\t\t\t\t\t<div class=\"elementor-inner\">\n\t\t\t\t\t\t\t<div class=\"elementor-section-wrap\">\n\t\t\t\t\t\t\t<section class=\"elementor-section elementor-top-section elementor-element elementor-element-13d98535 elementor-section-boxed elementor-section-height-default elementor-section-height-default\" data-id=\"13d98535\" data-element_type=\"section\">\n\t\t\t\t\t\t<div class=\"elementor-container elementor-column-gap-default\">\n\t\t\t\t\t\t\t<div class=\"elementor-row\">\n\t\t\t\t\t<div class=\"elementor-column elementor-col-100 elementor-top-column elementor-element elementor-element-57e002c3\" data-id=\"57e002c3\" data-element_type=\"column\">\n\t\t\t<div class=\"elementor-column-wrap elementor-element-populated\">\n\t\t\t\t\t\t\t<div class=\"elementor-widget-wrap\">\n\t\t\t\t\t\t<div class=\"elementor-element elementor-element-6e163e13 elementor-widget elementor-widget-text-editor\" data-id=\"6e163e13\" data-element_type=\"widget\" data-widget_type=\"text-editor.default\">\n\t\t\t\t<div class=\"elementor-widget-container\">\n\t\t\t\t\t<div class=\"elementor-text-editor elementor-clearfix\"><p><\/p><h1 dir=\"ltr\" data-placeholder=\"Traducci\u00f3n\">CEM Sagnier<\/h1><p id=\"tw-target-text\" class=\"tw-data-text tw-ta tw-text-small\" dir=\"ltr\" data-placeholder=\"Traducci\u00f3n\">Immers en el Complex Esportiu Municipal\u00a0Sagnier, el Prat\u00a0Triatl\u00f3, disposa d&#8217;acc\u00e9s diari a una piscina de competici\u00f3, aix\u00ed com acc\u00e9s a una pista d&#8217;atletisme amb circuit perimetral de terra de 500 metres exactes.<\/p><p><!--<\/p>\n<p class=\"tw-data-text tw-ta tw-text-small\" dir=\"ltr\" data-placeholder=\"Traducci\u00f3n\">\n<img loading=\"lazy\" class=\"alignnone size-full wp-image-399\" src=\"http:\/\/prattriatlo.com\/wp-content\/uploads\/2017\/08\/piscina-pista.png\" alt=\"\" width=\"1200\" height=\"397\" srcset=\"https:\/\/inscripciones.prattriatlo.com\/wp-content\/uploads\/2017\/08\/piscina-pista.png 1200w, https:\/\/inscripciones.prattriatlo.com\/wp-content\/uploads\/2017\/08\/piscina-pista-300x99.png 300w, https:\/\/inscripciones.prattriatlo.com\/wp-content\/uploads\/2017\/08\/piscina-pista-768x254.png 768w, https:\/\/inscripciones.prattriatlo.com\/wp-content\/uploads\/2017\/08\/piscina-pista-1024x339.png 1024w\" sizes=\"(max-width: 1200px) 100vw, 1200px\" \/><\/p>\n<p>--><\/p><div class=\"thumbnail info-thumbnail background-clouds color-text\"><div class=\"service\">\u00a0<\/div><p><img loading=\"lazy\" class=\"aligncenter wp-image-6729 size-full\" src=\"http:\/\/prattriatlo.com\/wp-content\/uploads\/2023\/12\/piscina-pista.png\" alt=\"\" width=\"1200\" height=\"397\" srcset=\"https:\/\/inscripciones.prattriatlo.com\/wp-content\/uploads\/2023\/12\/piscina-pista.png 1200w, https:\/\/inscripciones.prattriatlo.com\/wp-content\/uploads\/2023\/12\/piscina-pista-300x99.png 300w, https:\/\/inscripciones.prattriatlo.com\/wp-content\/uploads\/2023\/12\/piscina-pista-1024x339.png 1024w, https:\/\/inscripciones.prattriatlo.com\/wp-content\/uploads\/2023\/12\/piscina-pista-768x254.png 768w, https:\/\/inscripciones.prattriatlo.com\/wp-content\/uploads\/2023\/12\/piscina-pista-600x199.png 600w\" sizes=\"(max-width: 1200px) 100vw, 1200px\" \/><\/p><\/div><h1>Entrenaments\u00a0piscina coberta, ciclisme i carrera a peu<\/h1><p><iframe style=\"border: 0;\" src=\"https:\/\/www.google.com\/maps\/embed?pb=!1m14!1m8!1m3!1d11985.618316077618!2d2.083034!3d41.321815!3m2!1i1024!2i768!4f13.1!3m3!1m2!1s0x0%3A0xedd6a7a0a8adb194!2sCEM+Sagnier!5e0!3m2!1ses!2ses!4v1504092576439\" width=\"1200\" height=\"300\" frameborder=\"0\" allowfullscreen=\"allowfullscreen\"><\/iframe><\/p><p>\u00a0<\/p><\/div>\n\t\t\t\t<\/div>\n\t\t\t\t<\/div>\n\t\t\t\t\t\t<\/div>\n\t\t\t\t\t<\/div>\n\t\t<\/div>\n\t\t\t\t\t\t\t\t<\/div>\n\t\t\t\t\t<\/div>\n\t\t<\/section>\n\t\t\t\t\t\t<\/div>\n\t\t\t\t\t\t<\/div>\n\t\t\t\t\t<\/div>\n\t\t","protected":false},"excerpt":{"rendered":"<p>CEM Sagnier Immers en el Complex Esportiu Municipal\u00a0Sagnier, el Prat\u00a0Triatl\u00f3, disposa d&#8217;acc\u00e9s diari a una piscina de competici\u00f3, aix\u00ed com acc\u00e9s a una pista d&#8217;atletisme amb circuit perimetral de terra de 500 metres exactes. \u00a0 Entrenaments\u00a0piscina coberta, ciclisme i carrera a peu \u00a0<\/p>\n","protected":false},"author":1,"featured_media":0,"parent":0,"menu_order":0,"comment_status":"closed","ping_status":"closed","template":"","meta":[],"_links":{"self":[{"href":"https:\/\/inscripciones.prattriatlo.com\/index.php?rest_route=\/wp\/v2\/pages\/723"}],"collection":[{"href":"https:\/\/inscripciones.prattriatlo.com\/index.php?rest_route=\/wp\/v2\/pages"}],"about":[{"href":"https:\/\/inscripciones.prattriatlo.com\/index.php?rest_route=\/wp\/v2\/types\/page"}],"author":[{"embeddable":true,"href":"https:\/\/inscripciones.prattriatlo.com\/index.php?rest_route=\/wp\/v2\/users\/1"}],"replies":[{"embeddable":true,"href":"https:\/\/inscripciones.prattriatlo.com\/index.php?rest_route=%2Fwp%2Fv2%2Fcomments&post=723"}],"version-history":[{"count":28,"href":"https:\/\/inscripciones.prattriatlo.com\/index.php?rest_route=\/wp\/v2\/pages\/723\/revisions"}],"predecessor-version":[{"id":6732,"href":"https:\/\/inscripciones.prattriatlo.com\/index.php?rest_route=\/wp\/v2\/pages\/723\/revisions\/6732"}],"wp:attachment":[{"href":"https:\/\/inscripciones.prattriatlo.com\/index.php?rest_route=%2Fwp%2Fv2%2Fmedia&parent=723"}],"curies":[{"name":"wp","href":"https:\/\/api.w.org\/{rel}","templated":true}]}}