{"id":80,"date":"2017-08-23T17:31:33","date_gmt":"2017-08-23T17:31:33","guid":{"rendered":"http:\/\/prattriatlo.com\/?page_id=80"},"modified":"2018-11-26T10:28:46","modified_gmt":"2018-11-26T10:28:46","slug":"noticias","status":"publish","type":"page","link":"https:\/\/inscripciones.prattriatlo.com\/?page_id=80","title":{"rendered":"Not\u00edcies"},"content":{"rendered":"<p><\/p>\n<h1>2018<\/h1>\n<p><strong>El Prat Triatl\u00f3 1994, guanyador absolut del r\u00e0nquing de clubs 2018<\/strong><\/p>\n<p>JA \u00c9S OFICIAL!! Despr\u00e9s de les innumerables grans actuacions que l&#8217;equip ha aconseguit durant tota aquesta \u00faltima temporada jornada rere jornada, som TRIPLES CAMPIONS del Ranking de Catalunya, tant en clubs, com a la part femenina i masculina.<br \/>\nHores d&#8217;entrenaments, viatges, molts esfor\u00e7os i sacrificis per part de tots i cadascun dels membres d&#8217;aquest gran club, fan que avui puguem tenir aquest enorme reconeixement. Aquesta gran not\u00edcia anima encara m\u00e9s a l&#8217;equip per a seguir lluitant de cara a la pr\u00f2xima temporada, on no tenim cap dubte de qu\u00e8 aconseguirem millorar aquests grans n\u00fameros.<br \/>\nAMUNT PRAT TRIATL\u00d3 1994!!!<br \/>\n#potablava #triathlon #triathlon_world #aquathlon #clubtriatloprat #elprat #elpratdellobregat #baixllobregat #campions #club #femeni #masculi #federaciocatalanatriatlo #grantemporada #gaudintdelesport #sacrifici #esfor\u00e7 #sensebarreres #orgullosos #gladiadors<br \/>\n<a href=\"http:\/\/prattriatlo.com\/wp-content\/uploads\/2018\/11\/2018_prat_ranking_01.jpg\"><img loading=\"lazy\" class=\"alignnone size-full wp-image-2831\" src=\"http:\/\/prattriatlo.com\/wp-content\/uploads\/2018\/11\/2018_prat_ranking_01.jpg\" alt=\"\" width=\"640\" height=\"335\" srcset=\"https:\/\/inscripciones.prattriatlo.com\/wp-content\/uploads\/2018\/11\/2018_prat_ranking_01.jpg 640w, https:\/\/inscripciones.prattriatlo.com\/wp-content\/uploads\/2018\/11\/2018_prat_ranking_01-600x314.jpg 600w, https:\/\/inscripciones.prattriatlo.com\/wp-content\/uploads\/2018\/11\/2018_prat_ranking_01-300x157.jpg 300w\" sizes=\"(max-width: 640px) 100vw, 640px\" \/><\/a><\/p>\n<hr>\n<p><a href=\"http:\/\/prattriatlo.com\/wp-content\/uploads\/2018\/11\/2018_prat_ranking_02.jpg\"><img loading=\"lazy\" class=\"alignnone size-full wp-image-2830\" src=\"http:\/\/prattriatlo.com\/wp-content\/uploads\/2018\/11\/2018_prat_ranking_02.jpg\" alt=\"\" width=\"640\" height=\"334\" srcset=\"https:\/\/inscripciones.prattriatlo.com\/wp-content\/uploads\/2018\/11\/2018_prat_ranking_02.jpg 640w, https:\/\/inscripciones.prattriatlo.com\/wp-content\/uploads\/2018\/11\/2018_prat_ranking_02-600x313.jpg 600w, https:\/\/inscripciones.prattriatlo.com\/wp-content\/uploads\/2018\/11\/2018_prat_ranking_02-300x157.jpg 300w\" sizes=\"(max-width: 640px) 100vw, 640px\" \/><\/a><\/p>\n<hr>\n<p><a href=\"http:\/\/prattriatlo.com\/wp-content\/uploads\/2018\/11\/2018_prat_ranking_03.jpg\"><img loading=\"lazy\" class=\"alignnone size-full wp-image-2829\" src=\"http:\/\/prattriatlo.com\/wp-content\/uploads\/2018\/11\/2018_prat_ranking_03.jpg\" alt=\"\" width=\"640\" height=\"334\" srcset=\"https:\/\/inscripciones.prattriatlo.com\/wp-content\/uploads\/2018\/11\/2018_prat_ranking_03.jpg 640w, https:\/\/inscripciones.prattriatlo.com\/wp-content\/uploads\/2018\/11\/2018_prat_ranking_03-600x313.jpg 600w, https:\/\/inscripciones.prattriatlo.com\/wp-content\/uploads\/2018\/11\/2018_prat_ranking_03-300x157.jpg 300w\" sizes=\"(max-width: 640px) 100vw, 640px\" \/><\/a><\/h1>\n<h1>2017<\/h1>\n<p><strong>R\u00e8cord de participaci\u00f3 en els 3ers Jocs Escolars d&#8217;Aquatl\u00f3<\/strong><\/p>\n<p><iframe style=\"border: none; overflow: hidden;\" src=\"https:\/\/www.facebook.com\/plugins\/video.php?href=https%3A%2F%2Fwww.facebook.com%2Fprattriatlo%2Fvideos%2F1359677077441219%2F&amp;show_text=0&amp;width=560\" width=\"560\" height=\"315\" frameborder=\"0\" scrolling=\"no\" allowfullscreen=\"allowfullscreen\"><\/iframe><\/p>\n<p><strong>R\u00e8cord de participaci\u00f3 en el 22\u00e8 Triatl\u00f3 Ciutat del Prat amb 220 equips<\/strong><\/p>\n<p><iframe style=\"border: none; overflow: hidden;\" src=\"https:\/\/www.facebook.com\/plugins\/video.php?href=https%3A%2F%2Fwww.facebook.com%2Fprattriatlo%2Fvideos%2F1332006256874968%2F&amp;show_text=0&amp;width=560\" width=\"560\" height=\"315\" frameborder=\"0\" scrolling=\"no\" allowfullscreen=\"allowfullscreen\"><\/iframe><\/p>\n<p><strong>R\u00e8cord de participaci\u00f3 en el 10\u00e8 Duatl\u00f3 Ciutat del Prat amb prop de 300 equips<\/strong><\/p>\n<p><iframe src=\"https:\/\/www.youtube.com\/embed\/KMzxCMn5aeM\" width=\"560\" height=\"315\" frameborder=\"0\" allowfullscreen=\"allowfullscreen\"><\/iframe><\/p>\n<p><strong>Presentaci\u00f3 2017 Club Prat Triatl\u00f3 1994<\/strong><\/p>\n<p><iframe style=\"border: none; overflow: hidden;\" src=\"https:\/\/www.facebook.com\/plugins\/video.php?href=https%3A%2F%2Fwww.facebook.com%2Fprattriatlo%2Fvideos%2F1285718201503774%2F&amp;show_text=0&amp;width=560\" width=\"560\" height=\"315\" frameborder=\"0\" scrolling=\"no\" allowfullscreen=\"allowfullscreen\"><\/iframe><\/p>\n<h1>2016<\/h1>\n<p><strong>El Club Prat Triatl\u00f3 1994, millor club catal\u00e0 del 2016<\/strong><\/p>\n<p><iframe src=\"http:\/\/elprat.tv\/embed-video\/?video=7889\" name=\"iframe_chapter\" width=\"570\" height=\"354\" frameborder=\"0\" scrolling=\"no\"><\/iframe><\/p>\n<p><strong>El Prat Triatl\u00f3 1994, campi\u00f3 de Catalunya per equips de triatl\u00f3<\/strong><\/p>\n<p><iframe src=\"http:\/\/elprat.tv\/embed-video\/?video=6583\" name=\"iframe_chapter\" width=\"570\" height=\"354\" frameborder=\"0\" scrolling=\"no\"><\/iframe><\/p>\n<p><strong>El Club Triatl\u00f3 Prat, protagonista de la 30ena Nit de l\u2019Esport<\/strong><\/p>\n<p><iframe src=\"http:\/\/elprat.tv\/embed-video\/?video=6179\" name=\"iframe_chapter\" width=\"570\" height=\"354\" frameborder=\"0\" scrolling=\"no\"><\/iframe><\/p>\n<h4>M\u00e9s de 200 equips participen al 9\u00e8 Duatl\u00f3 Ciutat del Prat<\/h4>\n<p><iframe src=\"http:\/\/elprat.tv\/embed-video\/?video=5968\" name=\"iframe_chapter\" width=\"570\" height=\"354\" frameborder=\"0\" scrolling=\"no\"><\/iframe><\/p>\n<h1>2015<\/h1>\n<p><strong>El Triatl\u00f3 Infantil torna a ser tot un \u00e8xit amb 200 participants<\/strong><\/p>\n<p><iframe src=\"http:\/\/elprat.tv\/embed-video\/?video=5033\" name=\"iframe_chapter\" width=\"570\" height=\"354\" frameborder=\"0\" scrolling=\"no\"><\/iframe><\/p>\n<p><strong>El Prat celebra els primers Jocs Esportius Escolars d\u2019aquatl\u00f3<\/strong><\/p>\n<p><iframe src=\"http:\/\/elprat.tv\/embed-video\/?video=4094\" name=\"iframe_chapter\" width=\"570\" height=\"354\" frameborder=\"0\" scrolling=\"no\"><\/iframe><\/p>\n<p><strong>\u00c8xit de la 20a edici\u00f3 del Triatl\u00f3 Ciutat del Prat<\/strong><\/p>\n<p><iframe src=\"http:\/\/elprat.tv\/embed-video\/?video=3986\" name=\"iframe_chapter\" width=\"570\" height=\"354\" frameborder=\"0\" scrolling=\"no\"><\/iframe><\/p>\n<h4>Prat-triatl\u00f3 campi\u00f3 de Catalunya per equips de duatl\u00f3<\/h4>\n<p><iframe src=\"http:\/\/elprat.tv\/embed-video\/?video=3013\" name=\"iframe_chapter\" width=\"570\" height=\"354\" frameborder=\"0\" scrolling=\"no\"><\/iframe><\/p>\n<h1>2014<\/h1>\n<h4>Comen\u00e7a a caminar el nou club Prat-triatl\u00f3 1994<\/h4>\n<p><iframe src=\"http:\/\/elprat.tv\/embed-video\/?video=2541\" name=\"iframe_chapter\" width=\"570\" height=\"354\" frameborder=\"0\" scrolling=\"no\"><\/iframe><\/p>\n<h4>Record de participaci\u00f3 a la quarta triatl\u00f3 infantil<\/h4>\n<p><iframe src=\"http:\/\/elprat.tv\/embed-video\/?video=2185\" name=\"iframe_chapter\" width=\"570\" height=\"354\" frameborder=\"0\" scrolling=\"no\"><\/iframe><\/p>\n<h4>Els amants de la triatl\u00f3 tornen a citar-se al Prat<\/h4>\n<p><iframe src=\"http:\/\/elprat.tv\/embed-video\/?video=1185\" name=\"iframe_chapter\" width=\"570\" height=\"354\" frameborder=\"0\" scrolling=\"no\"><\/iframe><\/p>\n<h4>El CN Prat, sots campi\u00f3 de Catalunya de duatl\u00f3<\/h4>\n<p><iframe src=\"http:\/\/elprat.tv\/embed-video\/?video=477\" name=\"iframe_chapter\" width=\"570\" height=\"354\" frameborder=\"0\" scrolling=\"no\"><\/iframe><\/p>","protected":false},"excerpt":{"rendered":"<p>2018 El Prat Triatl\u00f3 1994, guanyador absolut del r\u00e0nquing de clubs 2018 JA \u00c9S OFICIAL!! Despr\u00e9s de les innumerables grans actuacions que l&#8217;equip ha aconseguit durant tota aquesta \u00faltima temporada jornada rere jornada, som TRIPLES CAMPIONS del Ranking de Catalunya, tant en clubs, com a la part femenina i masculina. Hores d&#8217;entrenaments, viatges, molts esfor\u00e7os [&hellip;]<\/p>\n","protected":false},"author":1,"featured_media":0,"parent":0,"menu_order":0,"comment_status":"closed","ping_status":"closed","template":"","meta":[],"_links":{"self":[{"href":"https:\/\/inscripciones.prattriatlo.com\/index.php?rest_route=\/wp\/v2\/pages\/80"}],"collection":[{"href":"https:\/\/inscripciones.prattriatlo.com\/index.php?rest_route=\/wp\/v2\/pages"}],"about":[{"href":"https:\/\/inscripciones.prattriatlo.com\/index.php?rest_route=\/wp\/v2\/types\/page"}],"author":[{"embeddable":true,"href":"https:\/\/inscripciones.prattriatlo.com\/index.php?rest_route=\/wp\/v2\/users\/1"}],"replies":[{"embeddable":true,"href":"https:\/\/inscripciones.prattriatlo.com\/index.php?rest_route=%2Fwp%2Fv2%2Fcomments&post=80"}],"version-history":[{"count":84,"href":"https:\/\/inscripciones.prattriatlo.com\/index.php?rest_route=\/wp\/v2\/pages\/80\/revisions"}],"predecessor-version":[{"id":2834,"href":"https:\/\/inscripciones.prattriatlo.com\/index.php?rest_route=\/wp\/v2\/pages\/80\/revisions\/2834"}],"wp:attachment":[{"href":"https:\/\/inscripciones.prattriatlo.com\/index.php?rest_route=%2Fwp%2Fv2%2Fmedia&parent=80"}],"curies":[{"name":"wp","href":"https:\/\/api.w.org\/{rel}","templated":true}]}}