{"id":920,"date":"2017-09-29T17:18:08","date_gmt":"2017-09-29T17:18:08","guid":{"rendered":"http:\/\/prattriatlo.com\/?page_id=920"},"modified":"2020-12-25T22:01:59","modified_gmt":"2020-12-25T22:01:59","slug":"faqs","status":"publish","type":"page","link":"https:\/\/inscripciones.prattriatlo.com\/?page_id=920","title":{"rendered":"FAQS"},"content":{"rendered":"<p><\/p>\n<h1><strong>PREGUNTES FREQ\u00dcENTS (FAQS)<\/strong><\/h1>\n<p><strong>1. M\u2019inicio en el m\u00f3n del triatl\u00f3, em conv\u00e9 inscriure\u2019m?<\/strong><\/p>\n<p>Aquest \u00e9s el primer motiu per comen\u00e7ar amb nosaltres. La nostra filosof\u00eda de club \u00e9s poder ajudar a tothom a con\u00e8ixer i integrar-se en aquest maravell\u00f3s m\u00f3n del triatl\u00f3.<\/p>\n<p>Tenim un conjunt de socis de tots els nivells en el que et podr\u00e0s unir molt f\u00e0cilment. A m\u00e9s a m\u00e9s, els entrenaments s\u00f3n variats i estan diferenciats per les necessitats de cadasc\u00fa.<\/p>\n<p><strong>2. Quins beneficis tinc per a ser soci del Club Prat Triatl\u00f3?<\/strong><\/p>\n<ul>\n<li>Welcome Pack<\/li>\n<li>Si t\u2019abones a la quota complerta obtindr\u00e0s el carnet del Sagnier per entrar a les instal\u00b7lacions als horaris tant d\u2019entrenaments dirigits com de lliure acc\u00e9s.<\/li>\n<li>Tramitaci\u00f3 de la llic\u00e8ncia federativa, per a tots aquells que ho sol\u00b7licitin<\/li>\n<li>Acc\u00e9s al Stage del Club<\/li>\n<li>Acc\u00e9s a totes les sortides que faci el Club<\/li>\n<li>Si t\u2019abones a la quota complerta tens dret a tots els entrenaments dirigits planificats pels nostres m\u00edsters.<\/li>\n<li>Descomptes o entrega de productes oferits pel Club<\/li>\n<li>Acc\u00e9s a la zona privada de la plataforma online del Club<\/li>\n<li>Acc\u00e9s a esdeveniments especials i reunions oficials<\/li>\n<li>Si t\u2019abones a la quota complerta o redu\u00efda tens dret a rebre la planificaci\u00f3 dels entrenaments quinzenalment per a curta i llarga distancia<\/li>\n<li>Si t\u2019abones a la quota complerta tens dret al programa de subvencions del Club. Aquest consisteix en:\n<ul>\n<li>Acumular punts a la taula de subvencions per cada cursa que realitzis o per cada esdeveniment que vinguis de voluntari. Aquests punts es transformaran en diners al final de l\u2019any i en podr\u00e0s disposar l\u2019any seg\u00fcent per a cobrir les despeses de les curses d\u2019aquest segon any un cop justificada l\u2019assist\u00e8ncia a les mateixes.<\/li>\n<li>Si fas un m\u00ednim de 5 curses\/voluntariat tindr\u00e0s dret a que el Club pagui la teva llic\u00e8ncia federativa catalana a partir del segon any.<\/li>\n<\/ul>\n<\/li>\n<li>Acc\u00e9s al Team Store de Taymory<\/li>\n<li>Acc\u00e9s als entrenaments de transicions organitzades pels nostres entrenadors<\/li>\n<li>Acc\u00e9s a les sessions d\u2019aig\u00fces obertes organitzades pels nostres entrenadors<\/li>\n<li>Acc\u00e9s als grups de whatsaap del Club<\/li>\n<\/ul>\n<p><strong>3. Ja tinc un nivel alt de triatl\u00f3, em conv\u00e9 inscriure\u2019m?<\/strong><\/p>\n<p>Sens dubte! El Club t\u00e9 un equip elit, amb alguns dels millors triatletes a nivel catal\u00e0 i nacional. Alguns fins i tot venen als entrenaments presencials amb tot el grup afavorint el coneixement rec\u00edproc.<\/p>\n<p>A m\u00e9s a m\u00e9s els entrenaments estan destinats a tots els nivells i per tant, els socis es distribueixen per grups segons el seu nivell, afavorint aix\u00ed la millora de la t\u00e9cnica i de la forma.<\/p>\n<p><strong>4. Com em faig soci del Club Prat Triatl\u00f3?<\/strong><\/p>\n<p>\u00c9s molt senzill. Nom\u00e9s ha d\u2019emplenar el formulari amb totes les teves dades, indicant si et vols federar a nivell catal\u00e0 o nacional amb el Club.\u00a0<a href=\"http:\/\/prattriatlo.com\/?page_id=142&amp;lang=es\">Link Formulari.<\/a><\/p>\n<p><strong>5. Quant costa fer-me soci? De quins serveis disposo?<\/strong><\/p>\n<p>Hi ha diferents quotes segons les teves necessitats.<\/p>\n<p><a href=\"http:\/\/prattriatlo.com\/?page_id=199&amp;lang=es\">Link Quotes i Serveis.<\/a><\/p>\n<p><a href=\"http:\/\/prattriatlo.com\/wp-content\/uploads\/2017\/09\/faqs-precios.png\"><img loading=\"lazy\" class=\"alignnone size-full wp-image-921\" src=\"http:\/\/prattriatlo.com\/wp-content\/uploads\/2017\/09\/faqs-precios.png\" alt=\"\" width=\"1200\" height=\"848\" srcset=\"https:\/\/inscripciones.prattriatlo.com\/wp-content\/uploads\/2017\/09\/faqs-precios.png 1200w, https:\/\/inscripciones.prattriatlo.com\/wp-content\/uploads\/2017\/09\/faqs-precios-300x212.png 300w, https:\/\/inscripciones.prattriatlo.com\/wp-content\/uploads\/2017\/09\/faqs-precios-768x543.png 768w, https:\/\/inscripciones.prattriatlo.com\/wp-content\/uploads\/2017\/09\/faqs-precios-1024x724.png 1024w\" sizes=\"(max-width: 1200px) 100vw, 1200px\" \/><\/a><\/p>\n<p>*Els menors de 8 anys hauran de treure\u2019s llic\u00e8ncia de dia a cada competici\u00f3.<br \/>\n**En cas de no competir en cap prova durant la temporada, s\u2019haur\u00e0 de retornar l\u2019import de la subvenci\u00f3.<br \/>\n***A partir del segon any de ser soci i si s\u2019ha competit\/fet de voluntari en m\u00e9s de 5 proves\/esdeveniments organitzats pel Club.<br \/>\n**** A partir del segon any de ser soci, si s\u2019ha competit\/fet de voluntari en m\u00e9s de 5 proves\/esdeveniments organitzats pel Club i si es considera l\u2019esportista competitiu a nivel Nacional.<\/p>\n<p>Serveis:<\/p>\n<ul>\n<li>Entrada instal\u00b7lacions del CEM Sagnier en El Prat del Llobregat per a les sessions dirigides de nataci\u00f3 els dimarts i dijous, i de ciclisme i cursa a peu els dissabtes. (Escola Prat Triatl\u00f3).<\/li>\n<li>Entrada instal\u00b7lacions del CEM Sagnier a El Prat del Llobregat als horaris establerts pels socis de triatl\u00f3 i d\u2019entrenaments dirigits (mirar pregunta 10)<\/li>\n<li>Planificaci\u00f3 entrenaments<\/li>\n<li>Subvenci\u00f3 llic\u00e8ncia (a partir del segon any en funci\u00f3 de proves disputades el primer)<\/li>\n<li>Subvenci\u00f3 inscripcions (a partir del segon any en funci\u00f3 de proves disputades el primer)<\/li>\n<li>Entrenaments grupals tutelats<\/li>\n<li>Inscripcions curses<\/li>\n<li>Compartir sortides ciclistes m\u00e9s tres sessions grupals gratu\u00eftes<\/li>\n<\/ul>\n<p><strong>6. En que consisteix fer de voluntari en esdeveniments organitzats pel Club?<\/strong><\/p>\n<p>Cada any el Club Prat Triatl\u00f3 organitza proves esportives en les que s\u00f3n imprescindibles els voluntaris per al bon desenvolupament de les mateixes. Les tasques a desenvolupar s\u00f3n: entrega de dorsals, entrega de bossa del corredor, muntatge i desmuntatge dels boxes, control d\u2019entrada i sortida als boxes, control del circuit d\u2019aigua, control del circuit de bici, control del circuit de cursa a peu, muntatge i desmuntatge avituallament, control dels temps de la cursa, entre d\u2019altres.<\/p>\n<p>Cada voluntari reb una bossa equivalent a la del corredor amb l\u2019obsequi que es destini a part de poder disposar de l\u2019avituallament necessari per a desenvolupar les seves tasques.<\/p>\n<p>Per a venir a fer de voluntari cada soci reb una compensaci\u00f3 en punts a la taula de subvencions que s\u2019acumularan als punts obtinguts per a les curses realitzades.<\/p>\n<p><strong>7. On es troba la seu, on puc anar per inscriure\u2019m?<\/strong><\/p>\n<p>La seu \u00e9s el CEM Sagnier a El Prat de Llobregat i tenim una hora d\u2019atenci\u00f3 al p\u00fablic els dijous de 19:30-20:30h.<\/p>\n<p>Tot i aix\u00ed tota la informaci\u00f3 la tens a la web i el formulari d\u2019inscripci\u00f3 tamb\u00e9 s\u2019ha de realizar on-line<\/p>\n<p><strong>8. Es realitzen entrenaments personalitzats?<\/strong><\/p>\n<p>Els entrenaments dirigits s\u00f3n en grup i personalitzats a cada disciplina o realitzant-les totes a la vegada. Tenim m\u00e9s d\u2019un entrenador a les sessions per a realitzar el seguiment per nivells i no enderrerir la gent m\u00e9s avan\u00e7ada i no ofegar els m\u00e9s novells.<\/p>\n<p><strong>9. Es realitzen entrenaments particulars?<\/strong><\/p>\n<p>El Club disposa d\u2019un equip d\u2019entrenadors als quals pots acudir si desitges entrenaments personalitzats per a tu mateix, amb un seguiment particular amb el teu entrenador. Pots veure el CV dels nostres entrenadors a la secci\u00f3 d\u2019entrenadors.<br \/>\n<a href=\"http:\/\/prattriatlo.com\/?page_id=82\">Link Entrenadors Club Prat Triatl\u00f3.<\/a><\/p>\n<p><strong>10. On es realitzen els entrenaments del Club Prat Triatl\u00f3?<\/strong><\/p>\n<p><a href=\"http:\/\/prattriatlo.com\/?page_id=334\">Link Instal\u00b7lacions.<\/a><\/p>\n<p>Al CEM Sagnier en els horaris establerts pels entrenaments dirigits del Clup Prat Triatl\u00f3.<\/p>\n<ul>\n<li>Dilluns 7:30-8:30h nataci\u00f3, 13:30-14:30h carrera a peu, 19:30-21:30h carrera a peu<\/li>\n<li>Dimarts 19:30-21:30h nataci\u00f3<\/li>\n<li>Dimecres 13:30-14:30h nataci\u00f3, 19:30-21:30h carrera a peu<\/li>\n<li>Dijous 20:30-21:30h nataci\u00f3<\/li>\n<li>Divendres 19:30-21:30h nataci\u00f3<\/li>\n<li>Dissabtes (cada 15 dies): sortida ciclista dirigida a les 8:30h.<br \/>\nTot i aix\u00ed, tots els caps de setmana (i entre setmana) s\u2019organitzen sortides ciclistes entre els socis tant de bici de carretera com de muntanya<\/li>\n<\/ul>\n<p>Tamb\u00e9 pots accedir a les instal\u00b7lacions als horaris establerts pels socis del Club. Aquests s\u00f3n:<\/p>\n<ul>\n<li>Dilluns-Divendres 7:15-9:15h; 12-15h; 19-22:30h<\/li>\n<li>Dissabte 17-20h<\/li>\n<li>Diumenge 12-14h<\/li>\n<\/ul>\n<p><strong>11. On es realitzen els entrenaments de l&#8217;Escola Prat Triatl\u00f3?<\/strong><\/p>\n<p><a href=\"http:\/\/prattriatlo.com\/?page_id=723\">Link Instal\u00b7lacions Escola.<\/a><\/p>\n<p>Al CEM Sagnier en els horaris establerts pels entrenaments dirigits de l&#8217;Escola Prat Triatl\u00f3.<\/p>\n<ul>\n<li>Dimarts 17:00-19:15h nataci\u00f3<\/li>\n<li>Dimecres 18:00-19:00h carrera a peu<\/li>\n<li>Dijous 17:00-19:15h nataci\u00f3<\/li>\n<li>Dissabte: 10:00-12:00h ciclisme i carrera a peu<\/li>\n<\/ul>\n<p><strong>12. Es poden utilitzar totes les instal\u00b7lacions del CEM Sagnier?<\/strong><\/p>\n<p>No. Com a socis de triatl\u00f3 podem utilitzar la piscina gran, la pista d\u2019atletisme i els vestuaris. No es pot utilitzar la sauna i els banys de vapor ni la sala de musculaci\u00f3. Tamb\u00e9 tenim conveni amb el Pratenc d&#8217;Atletisme per fer \u00fas de la sala de musculaci\u00f3 de la pista d&#8217;atletisme.<\/p>\n<p><strong>13. Qui dirigeix els entrenaments?<\/strong><\/p>\n<p>Club Prat Triatl\u00f3: Els entrenaments dels adults estan dirigits per professionals de l\u2019esport, Carlos Carnero, Mireia Rodr\u00edguez, Carlos Carnero (fill) i Ester Monfort.<br \/>\n<a href=\"http:\/\/prattriatlo.com\/?page_id=82\">Link Entrenadors Club Prat Triatl\u00f3.<\/a><\/p>\n<p>Escola Prat Triatl\u00f3: Els entrenaments de l\u2019Escola estan dirigits per professionals de l\u2019esport, Ester Monfort, Roser Mej\u00edas i Artix Rodr\u00edguez.<br \/>\n<a href=\"http:\/\/prattriatlo.com\/?page_id=216\">Link Entrenadors Escola Prat Triatl\u00f3.<\/a><\/p>\n<p><strong>14. Es fan entrenaments de llarga i\/o curta distancia<\/strong><\/p>\n<p>S\u2019envien les planificacions dels entrenaments quinzenalment per a llarga i curta dist\u00e0ncia. Els entrenaments dirigits s\u2019adapten a les necessitats esportives de cada soci.<\/p>","protected":false},"excerpt":{"rendered":"<p>PREGUNTES FREQ\u00dcENTS (FAQS) 1. M\u2019inicio en el m\u00f3n del triatl\u00f3, em conv\u00e9 inscriure\u2019m? Aquest \u00e9s el primer motiu per comen\u00e7ar amb nosaltres. La nostra filosof\u00eda de club \u00e9s poder ajudar a tothom a con\u00e8ixer i integrar-se en aquest maravell\u00f3s m\u00f3n del triatl\u00f3. Tenim un conjunt de socis de tots els nivells en el que et [&hellip;]<\/p>\n","protected":false},"author":1,"featured_media":0,"parent":0,"menu_order":0,"comment_status":"closed","ping_status":"closed","template":"","meta":[],"_links":{"self":[{"href":"https:\/\/inscripciones.prattriatlo.com\/index.php?rest_route=\/wp\/v2\/pages\/920"}],"collection":[{"href":"https:\/\/inscripciones.prattriatlo.com\/index.php?rest_route=\/wp\/v2\/pages"}],"about":[{"href":"https:\/\/inscripciones.prattriatlo.com\/index.php?rest_route=\/wp\/v2\/types\/page"}],"author":[{"embeddable":true,"href":"https:\/\/inscripciones.prattriatlo.com\/index.php?rest_route=\/wp\/v2\/users\/1"}],"replies":[{"embeddable":true,"href":"https:\/\/inscripciones.prattriatlo.com\/index.php?rest_route=%2Fwp%2Fv2%2Fcomments&post=920"}],"version-history":[{"count":24,"href":"https:\/\/inscripciones.prattriatlo.com\/index.php?rest_route=\/wp\/v2\/pages\/920\/revisions"}],"predecessor-version":[{"id":4171,"href":"https:\/\/inscripciones.prattriatlo.com\/index.php?rest_route=\/wp\/v2\/pages\/920\/revisions\/4171"}],"wp:attachment":[{"href":"https:\/\/inscripciones.prattriatlo.com\/index.php?rest_route=%2Fwp%2Fv2%2Fmedia&parent=920"}],"curies":[{"name":"wp","href":"https:\/\/api.w.org\/{rel}","templated":true}]}}