{"id":958,"date":"2017-09-29T17:47:49","date_gmt":"2017-09-29T17:47:49","guid":{"rendered":"http:\/\/prattriatlo.com\/?page_id=958"},"modified":"2020-09-29T07:03:51","modified_gmt":"2020-09-29T07:03:51","slug":"escola","status":"publish","type":"page","link":"https:\/\/inscripciones.prattriatlo.com\/?page_id=958","title":{"rendered":"Escola"},"content":{"rendered":"<p><script>location.href=\"?page_id=17\";<\/script><\/p>\n<p align=\"justify\">A l&#8217;Escola Prat Triatl\u00f3 1994, oferim classes dirigides a tots els nens i nenes que vulguin provar aquest esport, en el qual ensenyem la nataci\u00f3, el ciclisme i la cursa a peu.<\/p>\n<p align=\"justify\">Si el nen o nena t\u00e9 entre 3 i 18 anys i un nivell b\u00e0sic de nataci\u00f3 (s&#8217;aguanta sol a l&#8217;aigua,\u00a0<span class=\"hiddenGrammarError\">amb o sense<\/span>\u00a0material), ja pot formar part del nostre grup d&#8217;entrenament.<\/p>\n<p align=\"justify\">Les sessions d&#8217;entrenament es divideixen en dos grups en diferents horaris adaptats als nivells de tots ells.<\/p>\n<p align=\"justify\"><span class=\"\"><span style=\"text-decoration: underline;\"><strong>Nataci\u00f3:<\/strong><\/span> Ensenyem els estils, a agafar confian\u00e7a amb el medi, a con\u00e8ixer gent i sobretot a aprendre els valors de l&#8217;esport.<\/span><\/p>\n<p align=\"justify\"><span class=\"\"><span style=\"text-decoration: underline;\"><strong>Ciclisme:<\/strong><\/span> Aprendre a anar sobre la bici adequadament, agilitat\u00a0<\/span><span class=\"hiddenGrammarError\">sobre la mateixa<\/span><span class=\"\">,\u00a0<\/span><span class=\"hiddenGrammarError\">seguretat vial<\/span><span class=\"\">, aprendre a\u00a0<\/span><span class=\"hiddenSpellError\">montar<\/span><span class=\"\">\u00a0i\u00a0<\/span><span class=\"hiddenSpellError\">desmontar<\/span><span class=\"\">\u00a0bici, canviar rodes, i nous camins.<\/span><\/p>\n<p align=\"justify\"><span class=\"\"><span style=\"text-decoration: underline;\"><strong>Carrera a peu:<\/strong><\/span> T\u00e8cnica, resist\u00e8ncia i superaci\u00f3 personal.<\/span><\/p>\n<p><a href=\"http:\/\/prattriatlo.com\/wp-content\/uploads\/2017\/08\/escola1-2.jpg\"><img loading=\"lazy\" class=\"aligncenter wp-image-1133\" src=\"http:\/\/prattriatlo.com\/wp-content\/uploads\/2017\/08\/escola1-2-1024x678.jpg\" alt=\"\" width=\"600\" height=\"398\" \/><img loading=\"lazy\" class=\"aligncenter wp-image-1143\" src=\"http:\/\/prattriatlo.com\/wp-content\/uploads\/2017\/08\/escola5-1024x678.jpg\" alt=\"\" width=\"600\" height=\"398\" \/><img loading=\"lazy\" class=\"aligncenter wp-image-1137\" src=\"http:\/\/prattriatlo.com\/wp-content\/uploads\/2017\/08\/escola2-1024x683.jpg\" alt=\"\" width=\"600\" height=\"400\" \/><\/a><\/p>\n<p><span style=\"text-decoration: underline;\"><strong>Horaris:<\/strong><\/span><\/p>\n<p><strong>Dimarts:<\/strong><br \/>\n1r Grup: Nataci\u00f3 17:00h &#8211; 18:00h<br \/>\n2n Grup: Nataci\u00f3 18:00h &#8211; 19:00h<\/p>\n<p><strong>Dimecres:<\/strong><br \/>\n2n Grup: Carrera a peu 18:00h &#8211; 19:00h<\/p>\n<p><strong>Dijous:<\/strong><br \/>\n1r Grup: Nataci\u00f3 17:00h &#8211; 18:00h<br \/>\n2n Grup: Nataci\u00f3 18:00h &#8211; 19:00h<\/p>\n<p><strong>Dissabte:<\/strong><br \/>\n1r Grup + 2n Grup No Dimecres: Carrera a peu y Ciclisme 10:00h &#8211; 12:00h<br \/>\n2n Grup Si Dimecres: Ciclisme 10:00h &#8211; 12:00h<\/p>\n<p><a href=\"http:\/\/prattriatlo.com\/?page_id=700\">Veure quadre d&#8217;horaris.<\/a><\/p>\n<p><a href=\"http:\/\/prattriatlo.com\/wp-content\/uploads\/2017\/08\/escola3.jpg\"><img loading=\"lazy\" class=\"aligncenter wp-image-1140\" src=\"http:\/\/prattriatlo.com\/wp-content\/uploads\/2017\/08\/escola3.jpg\" alt=\"\" width=\"600\" height=\"400\" \/><\/a><\/p>\n<p><a href=\"http:\/\/prattriatlo.com\/wp-content\/uploads\/2017\/08\/escola4.jpg\"><img loading=\"lazy\" class=\"aligncenter wp-image-1139\" src=\"http:\/\/prattriatlo.com\/wp-content\/uploads\/2017\/08\/escola4.jpg\" alt=\"\" width=\"600\" height=\"400\" \/><\/a><\/p>\n<p><span style=\"text-decoration: underline;\"><strong>Lloc d&#8217;entrenament:<\/strong><\/span><\/p>\n<p align=\"justify\"><strong>Nataci\u00f3:<\/strong> Piscina CEM Sagnier.<br \/>\n<strong>Ciclisme:<\/strong> Carrer dels Tamarius S\/N (carrer de l&#8217;entrada de l&#8217;Estrella Damm). Sortides ciclistes espor\u00e0dicament.*<br \/>\n<strong>Cursa a peu:<\/strong> Pista d&#8217;atletisme CEM Sagnier.\u00a0Sortides de cursa a peu espor\u00e0dicament.*<\/p>\n<p><a href=\"http:\/\/prattriatlo.com\/?page_id=723\">Veure instal\u00b7lacions.<\/a><\/p>\n<p><em>*Les sortides dels dissabtes s\u00f3n al Parc Nou.<\/em><\/p>\n<p>Tu tamb\u00e9 pots formar part de l&#8217;escola.<\/p>","protected":false},"excerpt":{"rendered":"<p>A l&#8217;Escola Prat Triatl\u00f3 1994, oferim classes dirigides a tots els nens i nenes que vulguin provar aquest esport, en el qual ensenyem la nataci\u00f3, el ciclisme i la cursa a peu. Si el nen o nena t\u00e9 entre 3 i 18 anys i un nivell b\u00e0sic de nataci\u00f3 (s&#8217;aguanta sol a l&#8217;aigua,\u00a0amb o sense\u00a0material), [&hellip;]<\/p>\n","protected":false},"author":1,"featured_media":0,"parent":0,"menu_order":0,"comment_status":"closed","ping_status":"closed","template":"","meta":[],"_links":{"self":[{"href":"https:\/\/inscripciones.prattriatlo.com\/index.php?rest_route=\/wp\/v2\/pages\/958"}],"collection":[{"href":"https:\/\/inscripciones.prattriatlo.com\/index.php?rest_route=\/wp\/v2\/pages"}],"about":[{"href":"https:\/\/inscripciones.prattriatlo.com\/index.php?rest_route=\/wp\/v2\/types\/page"}],"author":[{"embeddable":true,"href":"https:\/\/inscripciones.prattriatlo.com\/index.php?rest_route=\/wp\/v2\/users\/1"}],"replies":[{"embeddable":true,"href":"https:\/\/inscripciones.prattriatlo.com\/index.php?rest_route=%2Fwp%2Fv2%2Fcomments&post=958"}],"version-history":[{"count":9,"href":"https:\/\/inscripciones.prattriatlo.com\/index.php?rest_route=\/wp\/v2\/pages\/958\/revisions"}],"predecessor-version":[{"id":4083,"href":"https:\/\/inscripciones.prattriatlo.com\/index.php?rest_route=\/wp\/v2\/pages\/958\/revisions\/4083"}],"wp:attachment":[{"href":"https:\/\/inscripciones.prattriatlo.com\/index.php?rest_route=%2Fwp%2Fv2%2Fmedia&parent=958"}],"curies":[{"name":"wp","href":"https:\/\/api.w.org\/{rel}","templated":true}]}}