{"id":6011,"date":"2023-01-02T19:23:37","date_gmt":"2023-01-02T19:23:37","guid":{"rendered":"http:\/\/prattriatlo.com\/?post_type=product&#038;p=6011"},"modified":"2023-01-26T21:30:16","modified_gmt":"2023-01-26T21:30:16","slug":"inscripcio-duatlo-open-2023","status":"publish","type":"product","link":"https:\/\/inscripciones.prattriatlo.com\/?product=inscripcio-duatlo-open-2023","title":{"rendered":"Inscripci\u00f3 Duatl\u00f3 OPEN 2023"},"content":{"rendered":"<p>Inscripci\u00f3 Duatl\u00f3 OPEN 2023<\/p>","protected":false},"excerpt":{"rendered":"<h2>Tancament d&#8217;inscripcions el dia 26\/01\/2023 a les 22.00<\/h2>\n<p>Instruccions per fer la teva inscripci\u00f3<br \/>\n&#8212;&#8212;&#8212;&#8212;&#8212;&#8212;&#8212;&#8212;&#8212;&#8212;&#8212;&#8212;&#8212;&#8211;<\/p>\n<p>0) Tots el competidors han de tenir mes de 16 anys<br \/>\n1er) Anar a Inscripcions<br \/>\n2on) Clicar &#8220;AFEGIR A LA CISTELLA&#8221;<br \/>\n3er) Clicar &#8220;ANAR A CAIXA&#8221;<br \/>\n4art) Completar amb les dades de la persona titular de la tarjeta amb la que es pagar\u00e1 i &#8220;REALITZAR COMANDA&#8221;<br \/>\n5e) IMPORTANT!!! Apuntar el n\u00famero de comanda. Clicar &#8220;PAGAR AMB TARGETA&#8221; i fer el pagament<br \/>\n6e) Si el pagament s&#8217;ha fet correctament apareixerar el formulari d&#8217;inscripci\u00f3<br \/>\n7e) Completar el formulari amb les dades de l&#8217;equip i enviar<br \/>\n8\u00ba) Disfrutar d&#8217;una super competici\u00f3!!!<\/p>\n","protected":false},"featured_media":6220,"template":"","meta":[],"_links":{"self":[{"href":"https:\/\/inscripciones.prattriatlo.com\/index.php?rest_route=\/wp\/v2\/product\/6011"}],"collection":[{"href":"https:\/\/inscripciones.prattriatlo.com\/index.php?rest_route=\/wp\/v2\/product"}],"about":[{"href":"https:\/\/inscripciones.prattriatlo.com\/index.php?rest_route=\/wp\/v2\/types\/product"}],"wp:featuredmedia":[{"embeddable":true,"href":"https:\/\/inscripciones.prattriatlo.com\/index.php?rest_route=\/wp\/v2\/media\/6220"}],"wp:attachment":[{"href":"https:\/\/inscripciones.prattriatlo.com\/index.php?rest_route=%2Fwp%2Fv2%2Fmedia&parent=6011"}],"curies":[{"name":"wp","href":"https:\/\/api.w.org\/{rel}","templated":true}]}}