{"id":7009,"date":"2024-03-30T07:40:18","date_gmt":"2024-03-30T07:40:18","guid":{"rendered":"http:\/\/prattriatlo.com\/?post_type=product&#038;p=7009"},"modified":"2024-05-03T07:14:18","modified_gmt":"2024-05-03T07:14:18","slug":"inscripcio-triatlo-2024","status":"publish","type":"product","link":"https:\/\/inscripciones.prattriatlo.com\/?product=inscripcio-triatlo-2024","title":{"rendered":"Inscripci\u00f3 Triatl\u00f3 2024"},"content":{"rendered":"","protected":false},"excerpt":{"rendered":"<p>Instruccions per fer la teva inscripci\u00f3<br \/>\n&#8212;&#8212;&#8212;&#8212;&#8212;&#8212;&#8212;&#8212;&#8212;&#8212;&#8212;&#8212;&#8212;&#8211;<br \/>\n1er) Anar a Inscripcions<br \/>\n2on) Clicar &#8220;AFEGIR A LA CISTELLA&#8221;<br \/>\n3er) Clicar &#8220;ANAR A CAIXA&#8221;<br \/>\n4art) Completar amb les dades de la persona titular de la tarjeta amb la que es pagar\u00e1 i &#8220;REALITZAR COMANDA&#8221;<br \/>\n5e) IMPORTANT!!! Apuntar el n\u00famero de comanda. Clicar &#8220;PAGAR AMB TARGETA&#8221; i fer el pagament<br \/>\n6e) Si el pagament s&#8217;ha fet correctament apareixerar el formulari d&#8217;inscripci\u00f3<br \/>\n7e) Completar el formulari amb les dades de l&#8217;equip i enviar<br \/>\n8\u00ba) Disfrutar el 05 de Maig d&#8217;una super competici\u00f3!!!<\/p>\n","protected":false},"featured_media":7067,"template":"","meta":[],"_links":{"self":[{"href":"https:\/\/inscripciones.prattriatlo.com\/index.php?rest_route=\/wp\/v2\/product\/7009"}],"collection":[{"href":"https:\/\/inscripciones.prattriatlo.com\/index.php?rest_route=\/wp\/v2\/product"}],"about":[{"href":"https:\/\/inscripciones.prattriatlo.com\/index.php?rest_route=\/wp\/v2\/types\/product"}],"wp:featuredmedia":[{"embeddable":true,"href":"https:\/\/inscripciones.prattriatlo.com\/index.php?rest_route=\/wp\/v2\/media\/7067"}],"wp:attachment":[{"href":"https:\/\/inscripciones.prattriatlo.com\/index.php?rest_route=%2Fwp%2Fv2%2Fmedia&parent=7009"}],"curies":[{"name":"wp","href":"https:\/\/api.w.org\/{rel}","templated":true}]}}