{"id":7361,"date":"2025-02-01T18:43:38","date_gmt":"2025-02-01T18:43:38","guid":{"rendered":"https:\/\/prattriatlo.com\/?post_type=product&#038;p=7361"},"modified":"2025-02-27T20:58:55","modified_gmt":"2025-02-27T20:58:55","slug":"inscripcio-duatlo-open-2025","status":"publish","type":"product","link":"https:\/\/inscripciones.prattriatlo.com\/?product=inscripcio-duatlo-open-2025","title":{"rendered":"Inscripci\u00f3 Duatl\u00f3 OPEN 2025"},"content":{"rendered":"<p>Inscripci\u00f3 Duatl\u00f3 OPEN 2025<\/p>\n<p><a href=\"https:\/\/prattriatlo.com\/wp-content\/uploads\/2025\/02\/REGLAMENT-XVIII-DUATLO-DEL-PRAT-PER-EQUIPS-2025.pdf\">REGLAMENT XVII DUATL\u00d3 DEL PRAT PER EQUIPS &#8211; 2025<\/a><\/p>\n<p>&nbsp;<\/p>\n<style>iframe {width:100%;height:450px;}<\/style>\n<h2><strong>Tracks<\/strong><\/h2>\n<div class=\"maps_box\">\n<h3>Carrera segmento 1<\/h3>\n<p><iframe style=\"width: 100%; height: 450px;\" src=\"https:\/\/prattriatlo.com\/wp-content\/uploads\/track_gpx\/carrera_segment_2.html\"><\/iframe><\/p>\n<h3>Ciclismo<\/h3>\n<p><iframe src=\"https:\/\/prattriatlo.com\/wp-content\/uploads\/track_gpx\/ciclismo.html\" data-mce-fragment=\"1\"><\/iframe><\/p>\n<h3>Carrera segmento 2<\/h3>\n<p><iframe src=\"https:\/\/prattriatlo.com\/wp-content\/uploads\/track_gpx\/carrera_segment_1.html\"><\/iframe><\/p>\n<\/div>\n<p><\/p>","protected":false},"excerpt":{"rendered":"<p>Vols incriure&#8217;t en la modalidad OPEN\/JOVE, clica aquest enlla\u00e7 y podr\u00e1s accedir al registre pels JOVES:<\/p>\n<p><a href=\"https:\/\/prattriatlo.com\/?product=inscripcio-duatlo-open-2025-joves\">https:\/\/prattriatlo.com\/?product=inscripcio-duatlo-open-2025-joves<\/a><\/p>\n<p>&#8212;&#8212;&#8212;&#8212;&#8212;&#8212;&#8212;&#8212;&#8212;&#8212;&#8212;&#8212;&#8212;&#8211;<\/p>\n<h2><a href=\"https:\/\/prattriatlo.com\/wp-content\/uploads\/2025\/02\/REGLAMENT-XVIII-DUATLO-DEL-PRAT-PER-EQUIPS-2025.pdf\">REGLAMENT XVII DUATL\u00d3 DEL PRAT PER EQUIPS &#8211; 2025<\/a><\/h2>\n<p>&#8212;&#8212;&#8212;&#8212;&#8212;&#8212;&#8212;&#8212;&#8212;&#8212;&#8212;&#8212;&#8212;&#8211;<\/p>\n<h2>Tancament d&#8217;inscripcions el dia 27\/02\/2025 a les 22.00<\/h2>\n<p>&#8212;&#8212;&#8212;&#8212;&#8212;&#8212;&#8212;&#8212;&#8212;&#8212;&#8212;&#8212;&#8212;&#8211;<\/p>\n<p>Instruccions per fer la teva inscripci\u00f3<\/p>\n<p>0) Tots el competidors han de tenir mes de 16 anys<br \/>\n1er) Anar a Inscripcions<br \/>\n2on) Clicar &#8220;AFEGIR A LA CISTELLA&#8221;<br \/>\n3er) Clicar &#8220;ANAR A CAIXA&#8221;<br \/>\n4art) Completar amb les dades de la persona titular de la tarjeta amb la que es pagar\u00e1 i &#8220;REALITZAR COMANDA&#8221;<br \/>\n5e) IMPORTANT!!! Apuntar el n\u00famero de comanda. Clicar &#8220;PAGAR AMB TARGETA&#8221; i fer el pagament<br \/>\n6e) Si el pagament s&#8217;ha fet correctament apareixerar el formulari d&#8217;inscripci\u00f3<br \/>\n7e) Completar el formulari amb les dades de l&#8217;equip i enviar<br \/>\n8\u00ba) Disfrutar d&#8217;una super competici\u00f3!!!<\/p>\n","protected":false},"featured_media":7468,"template":"","meta":[],"_links":{"self":[{"href":"https:\/\/inscripciones.prattriatlo.com\/index.php?rest_route=\/wp\/v2\/product\/7361"}],"collection":[{"href":"https:\/\/inscripciones.prattriatlo.com\/index.php?rest_route=\/wp\/v2\/product"}],"about":[{"href":"https:\/\/inscripciones.prattriatlo.com\/index.php?rest_route=\/wp\/v2\/types\/product"}],"wp:featuredmedia":[{"embeddable":true,"href":"https:\/\/inscripciones.prattriatlo.com\/index.php?rest_route=\/wp\/v2\/media\/7468"}],"wp:attachment":[{"href":"https:\/\/inscripciones.prattriatlo.com\/index.php?rest_route=%2Fwp%2Fv2%2Fmedia&parent=7361"}],"curies":[{"name":"wp","href":"https:\/\/api.w.org\/{rel}","templated":true}]}}